{"id":72,"date":"2019-08-13T06:56:02","date_gmt":"2019-08-13T06:56:02","guid":{"rendered":"http:\/\/cymbidium.local\/?page_id=72"},"modified":"2024-10-25T07:56:09","modified_gmt":"2024-10-25T07:56:09","slug":"unsere-zuchter","status":"publish","type":"page","link":"https:\/\/cymbidium.fourdesign.dev\/?page_id=72&lang=de","title":{"rendered":"Unsere Z\u00fcchter"},"content":{"rendered":"\r\n<div class=\"wp-block-atomic-blocks-ab-container ab-block-container\"><div class=\"ab-container-inside\"><div class=\"ab-container-content\" style=\"max-width:900px\">\r\n<h3 class=\"wp-block-heading\">Werbung<\/h3>\r\n\r\n\r\n\r\n<p>Diese Werbewebsite Cymbidium.info ist eine Initiative der Schnittcymbidienz\u00fcchter und ein Teil der Werbekampagne f\u00fcr Schnittcymbidien. Die Z\u00fcchter arbeiten gemeinsam daf\u00fcr, Ihnen Anregungen geben zu k\u00f6nnen. Sie stellen Informationen \u00fcber die Vielseitigkeit der Cymbidie und deren m\u00f6gliche Anwendungen bereit.<\/p>\r\n\r\n\r\n\r\n<p>Teilen Sie die Liebe f\u00fcr die Cymbidie mit uns? Dann teilen Sie Ihre Kreationen mit #cymbidiumlover.<\/p>\r\n\r\n\r\n\r\n<p>Haben Sie eine Frage oder Anmerkung zu Werbung oder Verkaufsf\u00f6rderung, die Sie gerne mit uns teilen m\u00f6chten? Dann nehmen Sie bitte Kontakt auf \u00fcber das <a href=\"https:\/\/cymbidium.fourdesign.dev\/de\/kontakt\/\">Kontaktformular<\/a>.<\/p>\r\n\r\n\r\n\r\n<h3 class=\"wp-block-heading\">Ganzj\u00e4hrig erh\u00e4ltlich<\/h3>\r\n\r\n\r\n\r\n<p>Die Cymbidie ist das ganze Jahr \u00fcber erh\u00e4ltlich, aber in der Zeit von Mitte Oktober bis Juni ist das Angebot ist am gr\u00f6\u00dften. Fragen Sie Ihren Blumengro\u00dfh\u00e4ndler nach der aktuellen Verf\u00fcgbarkeit. So k\u00f6nnen Sie sich in allen Jahreszeiten an Ihren Lieblingscymbidien erfreuen.<\/p>\r\n<\/div><\/div><\/div>\r\n\r\n\r\n\r\n<div class=\"wp-block-atomic-blocks-ab-columns ab-layout-columns-2 ab-2-col-wideleft ab-columns-center\"><div class=\"ab-layout-column-wrap ab-block-layout-column-gap-2 ab-is-responsive-column\" style=\"max-width:1280px\">\r\n<div class=\"wp-block-atomic-blocks-ab-column ab-block-layout-column\"><div class=\"ab-block-layout-column-inner\">\r\n<div class=\"wp-block-cover\"><img loading=\"lazy\" decoding=\"async\" width=\"801\" height=\"1200\" class=\"wp-block-cover__image-background wp-image-413\" alt=\"\" src=\"https:\/\/cymbidium.fourdesign.dev\/wp-content\/uploads\/2019\/09\/arrangement_petra_03-2.jpg\" data-object-fit=\"cover\" srcset=\"https:\/\/cymbidium.fourdesign.dev\/wp-content\/uploads\/2019\/09\/arrangement_petra_03-2.jpg 801w, https:\/\/cymbidium.fourdesign.dev\/wp-content\/uploads\/2019\/09\/arrangement_petra_03-2-200x300.jpg 200w, https:\/\/cymbidium.fourdesign.dev\/wp-content\/uploads\/2019\/09\/arrangement_petra_03-2-768x1151.jpg 768w, https:\/\/cymbidium.fourdesign.dev\/wp-content\/uploads\/2019\/09\/arrangement_petra_03-2-684x1024.jpg 684w\" sizes=\"auto, (max-width: 801px) 100vw, 801px\" \/><div class=\"wp-block-cover__inner-container is-layout-flow wp-block-cover-is-layout-flow\">\r\n<p class=\"has-text-align-center has-large-font-size\"><\/p>\r\n<\/div><\/div>\r\n\r\n\r\n\r\n<p><\/p>\r\n<\/div><\/div>\r\n\r\n\r\n\r\n<div class=\"wp-block-atomic-blocks-ab-column ab-block-layout-column\"><div class=\"ab-block-layout-column-inner\">\r\n<h2 class=\"is-style-line-bottom wp-block-heading\">Cymbidienzucht<\/h2>\r\n\r\n\r\n\r\n<p>Die meisten Orchideen werden zwei bis vier Jahre lang mit gr\u00f6\u00dfter Sorgfalt gepflegt, bevor sie bl\u00fchen. Erst dann k\u00f6nnen sie geerntet werden. Das Tolle daran ist, dass die Zweige mit zunehmenden Alter der Pflanze immer l\u00e4nger und voller werden. Die Menge der bl\u00fctentragenden Zweige ist von Pflanze zu Pflanze sehr unterschiedlich. So kann eine junge Pflanze drei Zweige haben und eine zehnj\u00e4hrige Pflanze bis zu vierzehn. In Ausnahmef\u00e4llen kann eine Pflanze sogar mehr als 30 bl\u00fchende Zweige haben!<\/p>\r\n<\/div><\/div>\r\n<\/div><\/div>\r\n\r\n\r\n\r\n<div class=\"wp-block-atomic-blocks-ab-container is-telers-overview ab-block-container\"><div class=\"ab-container-inside\"><div class=\"ab-container-content\" style=\"max-width:1280px\">\r\n<h2 class=\"wp-block-heading\" id=\"grootbloemig\">Finde deinen Z\u00fcchter:<\/h2>\r\n\r\n\r\n\r\n<h5 class=\"wp-block-heading\">Z\u00fcchter<\/h5>\r\n\r\n\r\n\r\n<p>Gro\u00dfbl\u00fctige Cymbidien<\/p>\r\n\r\n\r\n\n<div class=\"wp-block-columns has-2-columns is-layout-flex wp-container-core-columns-is-layout-9d6595d7 wp-block-columns-is-layout-flex\">\n<div class=\"wp-block-column no-margin-bottom is-layout-flow wp-block-column-is-layout-flow\">\n<p><strong>Alain Cymbidium by Poot<\/strong><br><a href=\"http:\/\/www.alainpoot.nl\/\">www.alainpoot.nl<\/a><br><a href=\"mailto:orchids@alainpoot.nl\">orchids@alainpoot.nl<\/a><\/p>\n\n\n\n<hr class=\"wp-block-separator has-css-opacity\"\/>\n\n\n\n<p><strong>Bross Orchids<\/strong><br><a href=\"http:\/\/www.brossorchids.nl\/\">www.brossorchids.nl<\/a><br><a href=\"mailto:info@brossorchids.nl\">info@brossorchids.nl<\/a><\/p>\n\n\n\n<hr class=\"wp-block-separator has-css-opacity\"\/>\n\n\n\n<p><strong>Heemskerk Orchids<\/strong><br><a href=\"http:\/\/www.heemskerkorchids.com\/\">www.heemskerkorchids.com<\/a><br><a href=\"mailto:info@heemskerkorchids.com\">info@heemskerkorchids.com<\/a><\/p>\n\n\n\n<hr class=\"wp-block-separator has-css-opacity\"\/>\n\n\n\n<p><strong>Kwekerij Schieland<\/strong><br><a href=\"http:\/\/www.kwekerijschieland.nl\/\">www.kwekerijschieland.nl<\/a><br><a href=\"mailto:info@kwekerijschieland.nl\">info@kwekerijschieland.nl<\/a><\/p>\n\n\n\n<hr class=\"wp-block-separator has-css-opacity\"\/>\n\n\n\n<p><strong>P. van Tilburg Orchideeenkwekerij<\/strong><br><a href=\"http:\/\/www.orchideeweb.nl\/\">www.orchideeweb.nl<\/a><br><a href=\"mailto:info@orchideeweb.nl\">info@orchideeweb.nl<\/a><\/p>\n\n\n\n<hr class=\"wp-block-separator has-css-opacity\"\/>\n\n\n\n<p><strong>Present Orchids<\/strong><br><a href=\"http:\/\/www.presentorchids.nl\/\">www.presentorchids.nl<\/a><br><a href=\"mailto:info@presentorchids.nl\">info@presentorchids.nl<\/a><\/p>\n\n\n\n<hr class=\"wp-block-separator has-css-opacity\"\/>\n\n\n\n<p><strong>Seven Orchids<\/strong><br><a href=\"http:\/\/www.sevenorchids.nl\/\">www.sevenorchids.nl<\/a><br><a href=\"mailto:info@sevenorchids.nl\">info@sevenorchids.nl<\/a><\/p>\n\n\n\n<hr class=\"wp-block-separator has-css-opacity\"\/>\n\n\n\n<p><strong>Stricker Orchids<\/strong><br><a href=\"http:\/\/www.stricker-orchids.nl\/\">www.stricker-orchids.nl<\/a><br><a href=\"mailto:coen@stricker-orchids.nl\">coen@stricker-orchids.nl<\/a><\/p>\n\n\n\n<hr class=\"wp-block-separator has-css-opacity\"\/>\n\n\n\n<p id=\"kleinbloemig\"><strong>Van Daalen Cymbidium<\/strong><br><a href=\"http:\/\/www.cymoreflavour.com\/\">www.cymoreflavour.com<\/a><br><a href=\"mailto:dirk@cymoreflavour.nl\">dirk@cymoreflavour.nl<\/a><\/p>\n\n\n\n<hr class=\"wp-block-separator has-css-opacity\"\/>\n\n\n\n<p><\/p>\n<\/div>\n\n\n\n<div class=\"wp-block-column is-layout-flow wp-block-column-is-layout-flow\">\n<p class=\"no-margin-top\"><strong>Bac Orchids<\/strong><br><a href=\"http:\/\/www.gebroedersbac.com\/\">www.gebroedersbac.com<\/a><br><a href=\"mailto:info@bacorchids.com\">info@bacorchids.com<\/a><\/p>\n\n\n\n<hr class=\"wp-block-separator has-css-opacity\"\/>\n\n\n\n<p><strong>Gebr. van Wijk Orchids\u00a0<\/strong><br><br><a href=\"mailto:wijk381@zonnet.nl\">wijk381@zonnet.nl<\/a><\/p>\n\n\n\n<hr class=\"wp-block-separator has-css-opacity\"\/>\n\n\n\n<p><strong>HVS Orchids<\/strong><br><a href=\"http:\/\/www.hvsorchids.nl\/\">www.hvsorchids.nl<\/a><br><a href=\"mailto:info@hvsorchids.nl\">info@hvsorchids.nl<\/a><\/p>\n\n\n\n<hr class=\"wp-block-separator has-css-opacity\"\/>\n\n\n\n<p><strong>Menno van der Knaap Cymbidium<\/strong><br><br><a href=\"mailto:knaapvd@xs4all.nl\">knaapvd@xs4all.nl<\/a><\/p>\n\n\n\n<hr class=\"wp-block-separator has-css-opacity\"\/>\n\n\n\n<p><strong>P.T.M van Wijk<\/strong><br><a href=\"https:\/\/pvanwijk-orchids.nl\/\">www.pvanwijk-orchids.nl<\/a><br><a href=\"mailto:info@peetvanwijk.nl\">info@peetvanwijk.nl<\/a><\/p>\n\n\n\n<hr class=\"wp-block-separator has-css-opacity\"\/>\n\n\n\n<p><strong>Rainbow Orchids<\/strong><br><a href=\"http:\/\/www.rainboworchids.nl\/\">www.rainboworchids.nl<\/a><br><a href=\"mailto:gebr.sassen@online.nl\">gebr.sassen@online.nl<\/a><\/p>\n\n\n\n<hr class=\"wp-block-separator has-css-opacity\"\/>\n\n\n\n<p><strong>Special Orchids<\/strong><br><a href=\"http:\/\/www.specialorchids.nl\/\">www.specialorchids.nl<\/a><br><a href=\"mailto:sales@specialorchids.com\">sales@specialorchids.com<\/a><\/p>\n\n\n\n<hr class=\"wp-block-separator has-css-opacity\"\/>\n\n\n\n<p><strong>Sunny Orchids<\/strong><br><a href=\"http:\/\/www.sunnyorchids.nl\/\">www.sunnyorchids.nl<\/a><br><a href=\"mailto:info@sunnyorchids.nl\">info@sunnyorchids.nl<\/a><\/p>\n\n\n\n<hr class=\"wp-block-separator has-css-opacity\"\/>\n\n\n\n<p><strong>Van der Houwen Orchids<\/strong><br><a href=\"http:\/\/www.vanderhouwenorchideeen.nl\/\">www.vanderhouwenorchideeen.nl<\/a><br><a href=\"mailto:info@vanderhouwenorchideeen.nl\">info@vanderhouwenorchideeen.nl<\/a><\/p>\n\n\n\n<hr class=\"wp-block-separator has-css-opacity\"\/>\n\n\n\n<p><\/p>\n<\/div>\n\n\n\n<div class=\"wp-block-column is-layout-flow wp-block-column-is-layout-flow\">\n<p class=\"no-margin-top\"><strong>BAJO Cymbidiums<\/strong><br><a href=\"https:\/\/www.kwekerijbajo.nl\">www.kwekerijbajo.nl<\/a><br><a href=\"mailto:bart@bajocymbidiums.nl\">bart@bajocymbidiums.nl<\/a><\/p>\n\n\n\n<hr class=\"wp-block-separator has-css-opacity\"\/>\n\n\n\n<p><strong>Hans Maarssen Orchideeen<\/strong><br><a href=\"http:\/\/www.hansmaarssenorchideeen.nl\/\">www.hansmaarssenorchideeen.nl<\/a><br><a href=\"mailto:info@hansmaarssenorchideeen.nl\">info@hansmaarssenorchideeen.nl<\/a><\/p>\n\n\n\n<hr class=\"wp-block-separator has-css-opacity\"\/>\n\n\n\n<p><strong>Koningshof<\/strong><br><a href=\"http:\/\/www.kwekerij-koningshof.nl\/\">www.kwekerij-koningshof.nl<\/a><br><a href=\"mailto:info@kwekerij-koningshof.nl\">info@kwekerij-koningshof.nl<\/a><\/p>\n\n\n\n<hr class=\"wp-block-separator has-css-opacity\"\/>\n\n\n\n<p><strong>Orchideeenkwekerij Ronald Ammerlaan<\/strong><br><a href=\"http:\/\/www.ronaldammerlaan.nl\/\">www.ronaldammerlaan.nl<\/a><br><a href=\"mailto:ronson1@planet.nl\">ronson1@planet.nl<\/a><\/p>\n\n\n\n<hr class=\"wp-block-separator has-css-opacity\"\/>\n\n\n\n<p><strong>Peet Zwink Premium Cymbidium<\/strong><br><a href=\"http:\/\/www.peetzwink.nl\/\">www.peetzwink.nl<\/a><br><a href=\"mailto:info@peetzwink.nl\">info@peetzwink.nl<\/a><\/p>\n\n\n\n<hr class=\"wp-block-separator has-css-opacity\"\/>\n\n\n\n<p><strong>Sanfiero Orchids<\/strong><br><a href=\"http:\/\/www.sanfiero.nl\/\">www.sanfiero.nl<\/a><br><a href=\"mailto:lennart@sanfiero.nl\">lennart@sanfiero.nl<\/a><\/p>\n\n\n\n<hr class=\"wp-block-separator has-css-opacity\"\/>\n\n\n\n<p><strong>Star Orchids<\/strong><br><a href=\"http:\/\/www.starorchids.nl\/\">www.starorchids.nl<\/a><br><a href=\"mailto:info@starorchids.nl\">info@starorchids.nl<\/a><\/p>\n\n\n\n<hr class=\"wp-block-separator has-css-opacity\"\/>\n\n\n\n<p><strong>Theo Ammerlaan Orchideeen<\/strong><br><a href=\"http:\/\/www.cymbidium.nl\/\">www.cymbidium.nl<\/a><br><a href=\"mailto:info@cymbidium.nl\">info@cymbidium.nl<\/a><\/p>\n\n\n\n<hr class=\"wp-block-separator has-css-opacity\"\/>\n\n\n\n<p><\/p>\n<\/div>\n<\/div>\n\r\n\r\n\r\n<h5 class=\"wp-block-heading\"><\/h5>\r\n\r\n\r\n\r\n<p>Kleinbl\u00fctige Cymbidien<\/p>\r\n\r\n\r\n\n<div class=\"wp-block-columns has-2-columns is-layout-flex wp-container-core-columns-is-layout-9d6595d7 wp-block-columns-is-layout-flex\">\n<div class=\"wp-block-column no-margin-bottom is-layout-flow wp-block-column-is-layout-flow\">\n<p><strong>Cymoreflavour<\/strong><br><a href=\"http:\/\/www.cymoreflavour.com\/\">www.cymoreflavour.com.nl<\/a><br><a href=\"mailto:leo@cymoreflavour.com\">leo@cymoreflavour.com<\/a><\/p>\n\n\n\n<hr class=\"wp-block-separator has-css-opacity\"\/>\n\n\n\n<p><strong>Marcel Beemster Orchids<\/strong><br><a href=\"https:\/\/www.facebook.com\/marcelbeemsterorchids\">www.facebook.com\/marcelbeemsterorchids<\/a><br><a href=\"mailto:marcelbeemster@hetnet.nl\">marcelbeemster@hetnet.nl<\/a><\/p>\n\n\n\n<hr class=\"wp-block-separator has-css-opacity\"\/>\n\n\n\n<p id=\"concepten\"><strong>Ruiter Orchids<\/strong><br><a href=\"https:\/\/www.ruiterorchids.com\">www.ruiterorchids.com<\/a><br><a href=\"mailto:info@ruiterorchids.com\">info@ruiterorchids.com<\/a><\/p>\n\n\n\n<hr class=\"wp-block-separator has-css-opacity\"\/>\n\n\n\n<p><\/p>\n<\/div>\n\n\n\n<div class=\"wp-block-column is-layout-flow wp-block-column-is-layout-flow\">\n<p class=\"no-margin-top\"><strong>Fa Groenewegen<\/strong><br><br><a href=\"mailto:mikecymbid@gmail.com\">mikecymbid@gmail.com<\/a><\/p>\n\n\n\n<hr class=\"wp-block-separator has-css-opacity\"\/>\n\n\n\n<p><strong><strong>Van der Houwen Orchideeen<\/strong><\/strong><br><a href=\"https:\/\/www.cymoreflavour.com\">www.cymoreflavour.com<\/a><br><a href=\"mailto:vincent@cymoreflavour.com\">vincent@cymoreflavour.com<\/a><\/p>\n\n\n\n<hr class=\"wp-block-separator has-css-opacity\"\/>\n\n\n\n<p><strong>Sunshine Orchids<\/strong><br><a href=\"https:\/\/www.sunshineorchids.nl\">www.sunshineorchids.nl<\/a><br><a href=\"mailto:info@sunshineorchids.nl\">info@sunshineorchids.nl<\/a><\/p>\n\n\n\n<hr class=\"wp-block-separator has-css-opacity\"\/>\n\n\n\n<p><\/p>\n<\/div>\n\n\n\n<div class=\"wp-block-column is-layout-flow wp-block-column-is-layout-flow\">\n<p class=\"no-margin-top\"><strong>Kwekerij Leekade<\/strong><br><a href=\"https:\/\/www.leekade.nl\">www.leekade.nl<\/a><br><a href=\"mailto:info@leekade.nl\">info@leekade.nl<\/a><\/p>\n\n\n\n<hr class=\"wp-block-separator has-css-opacity\"\/>\n\n\n\n<p><strong>Orchideeenkwekerij Leo van der Helm<\/strong><br><a href=\"https:\/\/www.orchideeenkwekerij-leovanderhelm.nl\">www.orchideeenkwekerij-leovanderhelm.nl<\/a><br><a href=\"mailto:info@orchideeenkwekerij-leovanderhelm.nl\">info@orchideeenkwekerij-leovanderhelm.nl<\/a><\/p>\n\n\n\n<hr class=\"wp-block-separator has-css-opacity\"\/>\n\n\n\n<p><\/p>\n<\/div>\n<\/div>\n\r\n\r\n\r\n<h5 class=\"wp-block-heading\"><\/h5>\r\n\r\n\r\n\r\n<p>Konzepten<\/p>\r\n\r\n\r\n\n<div class=\"wp-block-columns has-2-columns no-margin-bottom is-layout-flex wp-container-core-columns-is-layout-9d6595d7 wp-block-columns-is-layout-flex\">\n<div class=\"wp-block-column no-margin-bottom is-layout-flow wp-block-column-is-layout-flow\">\n<p><strong>BySpecial<\/strong><br><a href=\"https:\/\/www.byspecial.nl\">www.byspecial.nl<\/a><br><a href=\"mailto:info@byspecial.com\">info@byspecial.com<\/a><\/p>\n\n\n\n<hr class=\"wp-block-separator has-css-opacity\"\/>\n\n\n\n<p><\/p>\n<\/div>\n\n\n\n<div class=\"wp-block-column is-layout-flow wp-block-column-is-layout-flow\">\n<p class=\"no-margin-top\"><strong>Orvi BV<\/strong><br><a href=\"http:\/\/orvi.nl\/\"><a href=\"http:\/\/orvi.nl\/\">www.orvi.nl<\/a><\/a><br><a href=\"mailto:info@orvi.nl\"><a href=\"mailto:info@orvi.nl\">info@orvi.nl<\/a><\/a><\/p>\n\n\n\n<hr class=\"wp-block-separator has-css-opacity\"\/>\n\n\n\n<p><\/p>\n<\/div>\n\n\n\n<div class=\"wp-block-column is-layout-flow wp-block-column-is-layout-flow\">\n<p class=\"no-margin-top\"><strong>Prins Orchidpak<\/strong><br><a href=\"https:\/\/www.prinsorchidee.nl\">www.prinsorchidee.nl<\/a><br><a href=\"mailto:verkoop@prinsorchidee.nl\">verkoop@prinsorchidee.nl<\/a><\/p>\n\n\n\n<hr class=\"wp-block-separator has-css-opacity\"\/>\n\n\n\n<p><\/p>\n<\/div>\n<\/div>\n<\/div><\/div><\/div>\r\n\r\n\r\n\r\n<p><\/p>\r\n","protected":false},"excerpt":{"rendered":"","protected":false},"author":1,"featured_media":0,"parent":0,"menu_order":4,"comment_status":"closed","ping_status":"closed","template":"","meta":{"footnotes":""},"class_list":["post-72","page","type-page","status-publish","hentry"],"yoast_head":"<!-- This site is optimized with the Yoast SEO plugin v26.7 - https:\/\/yoast.com\/wordpress\/plugins\/seo\/ -->\n<title>Unsere Z\u00fcchter - Cymbidium Info<\/title>\n<meta name=\"robots\" content=\"index, follow, max-snippet:-1, max-image-preview:large, max-video-preview:-1\" \/>\n<link rel=\"canonical\" href=\"https:\/\/cymbidium.fourdesign.dev\/?page_id=72&lang=de\" \/>\n<meta property=\"og:locale\" content=\"nl_NL\" \/>\n<meta property=\"og:type\" content=\"article\" \/>\n<meta property=\"og:title\" content=\"Unsere Z\u00fcchter - Cymbidium Info\" \/>\n<meta property=\"og:url\" content=\"https:\/\/cymbidium.fourdesign.dev\/?page_id=72&amp;lang=de\" \/>\n<meta property=\"og:site_name\" content=\"Cymbidium Info\" \/>\n<meta property=\"article:modified_time\" content=\"2024-10-25T07:56:09+00:00\" \/>\n<meta property=\"og:image\" content=\"https:\/\/cymbidium.fourdesign.dev\/wp-content\/uploads\/2019\/09\/arrangement_petra_03-2.jpg\" \/>\n<meta name=\"twitter:card\" content=\"summary_large_image\" \/>\n<meta name=\"twitter:label1\" content=\"Geschatte leestijd\" \/>\n\t<meta name=\"twitter:data1\" content=\"1 minuut\" \/>\n<script type=\"application\/ld+json\" class=\"yoast-schema-graph\">{\"@context\":\"https:\/\/schema.org\",\"@graph\":[{\"@type\":\"WebPage\",\"@id\":\"https:\/\/cymbidium.fourdesign.dev\/?page_id=72&lang=de\",\"url\":\"https:\/\/cymbidium.fourdesign.dev\/?page_id=72&lang=de\",\"name\":\"Unsere Z\u00fcchter - Cymbidium Info\",\"isPartOf\":{\"@id\":\"https:\/\/cymbidium.fourdesign.dev\/#website\"},\"primaryImageOfPage\":{\"@id\":\"https:\/\/cymbidium.fourdesign.dev\/?page_id=72&lang=de#primaryimage\"},\"image\":{\"@id\":\"https:\/\/cymbidium.fourdesign.dev\/?page_id=72&lang=de#primaryimage\"},\"thumbnailUrl\":\"https:\/\/cymbidium.fourdesign.dev\/wp-content\/uploads\/2019\/09\/arrangement_petra_03-2.jpg\",\"datePublished\":\"2019-08-13T06:56:02+00:00\",\"dateModified\":\"2024-10-25T07:56:09+00:00\",\"breadcrumb\":{\"@id\":\"https:\/\/cymbidium.fourdesign.dev\/?page_id=72&lang=de#breadcrumb\"},\"inLanguage\":\"nl-NL\",\"potentialAction\":[{\"@type\":\"ReadAction\",\"target\":[\"https:\/\/cymbidium.fourdesign.dev\/?page_id=72&lang=de\"]}]},{\"@type\":\"ImageObject\",\"inLanguage\":\"nl-NL\",\"@id\":\"https:\/\/cymbidium.fourdesign.dev\/?page_id=72&lang=de#primaryimage\",\"url\":\"https:\/\/cymbidium.fourdesign.dev\/wp-content\/uploads\/2019\/09\/arrangement_petra_03-2.jpg\",\"contentUrl\":\"https:\/\/cymbidium.fourdesign.dev\/wp-content\/uploads\/2019\/09\/arrangement_petra_03-2.jpg\",\"width\":801,\"height\":1200},{\"@type\":\"BreadcrumbList\",\"@id\":\"https:\/\/cymbidium.fourdesign.dev\/?page_id=72&lang=de#breadcrumb\",\"itemListElement\":[{\"@type\":\"ListItem\",\"position\":1,\"name\":\"Home\",\"item\":\"https:\/\/cymbidium.fourdesign.dev\/\"},{\"@type\":\"ListItem\",\"position\":2,\"name\":\"Unsere Z\u00fcchter\"}]},{\"@type\":\"WebSite\",\"@id\":\"https:\/\/cymbidium.fourdesign.dev\/#website\",\"url\":\"https:\/\/cymbidium.fourdesign.dev\/\",\"name\":\"Cymbidium Info\",\"description\":\"En nog een WordPress site\",\"potentialAction\":[{\"@type\":\"SearchAction\",\"target\":{\"@type\":\"EntryPoint\",\"urlTemplate\":\"https:\/\/cymbidium.fourdesign.dev\/?s={search_term_string}\"},\"query-input\":{\"@type\":\"PropertyValueSpecification\",\"valueRequired\":true,\"valueName\":\"search_term_string\"}}],\"inLanguage\":\"nl-NL\"}]}<\/script>\n<!-- \/ Yoast SEO plugin. -->","yoast_head_json":{"title":"Unsere Z\u00fcchter - Cymbidium Info","robots":{"index":"index","follow":"follow","max-snippet":"max-snippet:-1","max-image-preview":"max-image-preview:large","max-video-preview":"max-video-preview:-1"},"canonical":"https:\/\/cymbidium.fourdesign.dev\/?page_id=72&lang=de","og_locale":"nl_NL","og_type":"article","og_title":"Unsere Z\u00fcchter - Cymbidium Info","og_url":"https:\/\/cymbidium.fourdesign.dev\/?page_id=72&lang=de","og_site_name":"Cymbidium Info","article_modified_time":"2024-10-25T07:56:09+00:00","og_image":[{"url":"https:\/\/cymbidium.fourdesign.dev\/wp-content\/uploads\/2019\/09\/arrangement_petra_03-2.jpg","type":"","width":"","height":""}],"twitter_card":"summary_large_image","twitter_misc":{"Geschatte leestijd":"1 minuut"},"schema":{"@context":"https:\/\/schema.org","@graph":[{"@type":"WebPage","@id":"https:\/\/cymbidium.fourdesign.dev\/?page_id=72&lang=de","url":"https:\/\/cymbidium.fourdesign.dev\/?page_id=72&lang=de","name":"Unsere Z\u00fcchter - Cymbidium Info","isPartOf":{"@id":"https:\/\/cymbidium.fourdesign.dev\/#website"},"primaryImageOfPage":{"@id":"https:\/\/cymbidium.fourdesign.dev\/?page_id=72&lang=de#primaryimage"},"image":{"@id":"https:\/\/cymbidium.fourdesign.dev\/?page_id=72&lang=de#primaryimage"},"thumbnailUrl":"https:\/\/cymbidium.fourdesign.dev\/wp-content\/uploads\/2019\/09\/arrangement_petra_03-2.jpg","datePublished":"2019-08-13T06:56:02+00:00","dateModified":"2024-10-25T07:56:09+00:00","breadcrumb":{"@id":"https:\/\/cymbidium.fourdesign.dev\/?page_id=72&lang=de#breadcrumb"},"inLanguage":"nl-NL","potentialAction":[{"@type":"ReadAction","target":["https:\/\/cymbidium.fourdesign.dev\/?page_id=72&lang=de"]}]},{"@type":"ImageObject","inLanguage":"nl-NL","@id":"https:\/\/cymbidium.fourdesign.dev\/?page_id=72&lang=de#primaryimage","url":"https:\/\/cymbidium.fourdesign.dev\/wp-content\/uploads\/2019\/09\/arrangement_petra_03-2.jpg","contentUrl":"https:\/\/cymbidium.fourdesign.dev\/wp-content\/uploads\/2019\/09\/arrangement_petra_03-2.jpg","width":801,"height":1200},{"@type":"BreadcrumbList","@id":"https:\/\/cymbidium.fourdesign.dev\/?page_id=72&lang=de#breadcrumb","itemListElement":[{"@type":"ListItem","position":1,"name":"Home","item":"https:\/\/cymbidium.fourdesign.dev\/"},{"@type":"ListItem","position":2,"name":"Unsere Z\u00fcchter"}]},{"@type":"WebSite","@id":"https:\/\/cymbidium.fourdesign.dev\/#website","url":"https:\/\/cymbidium.fourdesign.dev\/","name":"Cymbidium Info","description":"En nog een WordPress site","potentialAction":[{"@type":"SearchAction","target":{"@type":"EntryPoint","urlTemplate":"https:\/\/cymbidium.fourdesign.dev\/?s={search_term_string}"},"query-input":{"@type":"PropertyValueSpecification","valueRequired":true,"valueName":"search_term_string"}}],"inLanguage":"nl-NL"}]}},"featured_image_src":null,"featured_image_src_square":null,"_links":{"self":[{"href":"https:\/\/cymbidium.fourdesign.dev\/index.php?rest_route=\/wp\/v2\/pages\/72","targetHints":{"allow":["GET"]}}],"collection":[{"href":"https:\/\/cymbidium.fourdesign.dev\/index.php?rest_route=\/wp\/v2\/pages"}],"about":[{"href":"https:\/\/cymbidium.fourdesign.dev\/index.php?rest_route=\/wp\/v2\/types\/page"}],"author":[{"embeddable":true,"href":"https:\/\/cymbidium.fourdesign.dev\/index.php?rest_route=\/wp\/v2\/users\/1"}],"replies":[{"embeddable":true,"href":"https:\/\/cymbidium.fourdesign.dev\/index.php?rest_route=%2Fwp%2Fv2%2Fcomments&post=72"}],"version-history":[{"count":17,"href":"https:\/\/cymbidium.fourdesign.dev\/index.php?rest_route=\/wp\/v2\/pages\/72\/revisions"}],"predecessor-version":[{"id":1415,"href":"https:\/\/cymbidium.fourdesign.dev\/index.php?rest_route=\/wp\/v2\/pages\/72\/revisions\/1415"}],"wp:attachment":[{"href":"https:\/\/cymbidium.fourdesign.dev\/index.php?rest_route=%2Fwp%2Fv2%2Fmedia&parent=72"}],"curies":[{"name":"wp","href":"https:\/\/api.w.org\/{rel}","templated":true}]}}