{"id":68,"date":"2019-08-13T06:54:36","date_gmt":"2019-08-13T06:54:36","guid":{"rendered":"http:\/\/cymbidium.local\/?page_id=68"},"modified":"2024-10-24T11:19:27","modified_gmt":"2024-10-24T11:19:27","slug":"inspiration-2","status":"publish","type":"page","link":"https:\/\/cymbidium.fourdesign.dev\/?page_id=68&lang=de","title":{"rendered":"Inspiration"},"content":{"rendered":"\r\n<div class=\"wp-block-atomic-blocks-ab-container ab-block-container\"><div class=\"ab-container-inside\"><div class=\"ab-container-content\" style=\"max-width:900px\">\r\n<p>Sie sind hier am idealen Ort f\u00fcr Floristen, die alles \u00fcber Cymbidium entdecken wollen! Erkunden Sie wundersch\u00f6ne Fotografien von kommerziellen Blumenarbeiten, praktische Videos mit Schritt-f\u00fcr-Schritt-Kreationstipps und ausf\u00fchrliche Tutorials von f\u00fchrenden Floristen. Unsere Design Files bieten Ihnen direkten Zugang zu den besten Techniken und Ideen, damit Sie das Beste aus Cymbidium herausholen und Ihre Verk\u00e4ufe steigern k\u00f6nnen!<\/p>\r\n<\/div><\/div><\/div>\r\n\r\n\r\n\r\n<div class=\"wp-block-atomic-blocks-ab-container ab-block-container\"><div class=\"ab-container-inside\"><div class=\"ab-container-content\" style=\"max-width:1280px\">\r\n<div class=\"items\">\r\n<div class=\"items__item --1\" onClick=\"location.href='\/fotogalerie\/'\">\r\n<svg id=\"Group_242\" data-name=\"Group 242\" xmlns=\"http:\/\/www.w3.org\/2000\/svg\" xmlns:xlink=\"http:\/\/www.w3.org\/1999\/xlink\" width=\"80.99\" height=\"65.38\" viewBox=\"0 0 80.99 65.38\">\r\n  <defs>\r\n    <clipPath id=\"clip-path\">\r\n      <rect id=\"Rectangle_477\" data-name=\"Rectangle 477\" width=\"80.99\" height=\"65.38\" fill=\"#fff\"\/>\r\n    <\/clipPath>\r\n  <\/defs>\r\n  <g id=\"Group_241\" data-name=\"Group 241\" clip-path=\"url(#clip-path)\">\r\n    <path id=\"Path_210\" data-name=\"Path 210\" d=\"M75.617,10.407h-21.3L49.01,1.914A4.05,4.05,0,0,0,45.557,0H35.433A4.048,4.048,0,0,0,31.98,1.914l-5.308,8.493H22.453V6.674A2.774,2.774,0,0,0,19.682,3.9H10.576A2.774,2.774,0,0,0,7.805,6.674v3.733H5.373A5.379,5.379,0,0,0,0,15.78V60.007A5.379,5.379,0,0,0,5.373,65.38H75.617a5.379,5.379,0,0,0,5.373-5.373V15.78a5.379,5.379,0,0,0-5.373-5.373M34.474,3.473a1.124,1.124,0,0,1,.959-.532H45.557a1.125,1.125,0,0,1,.96.532l4.334,6.934H30.14ZM10.746,6.843h8.766v3.563H10.746Zm-5.373,6.5H75.617a2.435,2.435,0,0,1,2.432,2.432V31.22H60.389a20.984,20.984,0,0,0-39.788,0H2.941V15.78a2.435,2.435,0,0,1,2.432-2.432M58.537,37.894A18.042,18.042,0,1,1,40.5,19.852,18.062,18.062,0,0,1,58.537,37.894M75.617,62.44H5.373a2.435,2.435,0,0,1-2.432-2.432V34.161h16.9a20.983,20.983,0,1,0,41.3,0h16.9V60.007a2.435,2.435,0,0,1-2.432,2.432\" fill=\"#fff\"\/>\r\n    <path id=\"Path_211\" data-name=\"Path 211\" d=\"M143.222,117.659A13.178,13.178,0,1,0,156.4,130.837a13.193,13.193,0,0,0-13.178-13.178m0,23.415a10.237,10.237,0,1,1,10.237-10.237,10.248,10.248,0,0,1-10.237,10.237\" transform=\"translate(-102.727 -92.943)\" fill=\"#fff\"\/>\r\n    <path id=\"Path_212\" data-name=\"Path 212\" d=\"M308.81,91.25a5.373,5.373,0,1,0-5.373-5.373,5.379,5.379,0,0,0,5.373,5.373m0-7.8a2.432,2.432,0,1,1-2.432,2.432,2.435,2.435,0,0,1,2.432-2.432\" transform=\"translate(-239.697 -63.593)\" fill=\"#fff\"\/>\r\n  <\/g>\r\n<\/svg>\r\n<h2>Fotogalerie<\/h2>\r\n<div class=\"wp-block-button aligncenter\"><a class=\"wp-block-button__link wp-element-button\" href=\"\/fotogalerie\/\" style=\"margin-right:auto;margin-left:auto;\" rel=\"noopener\">\r\nEntdecken\r\n<\/a><\/div>\r\n<\/div>\r\n\r\n<div class=\"items__item --2\" onClick=\"location.href='\/videogalerie\/'\">\r\n<svg id=\"Group_248\" data-name=\"Group 248\" xmlns=\"http:\/\/www.w3.org\/2000\/svg\" xmlns:xlink=\"http:\/\/www.w3.org\/1999\/xlink\" width=\"69.827\" height=\"66.253\" viewBox=\"0 0 69.827 66.253\">\r\n  <defs>\r\n    <clipPath id=\"clip-path\">\r\n      <rect id=\"Rectangle_480\" data-name=\"Rectangle 480\" width=\"69.827\" height=\"66.253\" fill=\"#fff\"\/>\r\n    <\/clipPath>\r\n  <\/defs>\r\n  <g id=\"Group_247\" data-name=\"Group 247\" clip-path=\"url(#clip-path)\">\r\n    <path id=\"Path_222\" data-name=\"Path 222\" d=\"M63.688,0H6.139A6.146,6.146,0,0,0,0,6.138V44.467a6.146,6.146,0,0,0,6.139,6.139H63.688a6.146,6.146,0,0,0,6.139-6.139V6.138A6.146,6.146,0,0,0,63.688,0m3.186,44.468a3.189,3.189,0,0,1-3.186,3.186H6.139a3.189,3.189,0,0,1-3.185-3.186V6.138A3.189,3.189,0,0,1,6.139,2.953H63.688a3.189,3.189,0,0,1,3.186,3.186Z\" transform=\"translate(0 0.001)\" fill=\"#fff\"\/>\r\n    <path id=\"Path_223\" data-name=\"Path 223\" d=\"M130.261,64.718,107.838,51.772a1.477,1.477,0,0,0-2.215,1.279V78.943a1.477,1.477,0,0,0,2.215,1.279l22.423-12.946a1.477,1.477,0,0,0,0-2.558M108.577,76.385V55.609L126.57,66Z\" transform=\"translate(-83.34 -40.693)\" fill=\"#fff\"\/>\r\n    <path id=\"Path_224\" data-name=\"Path 224\" d=\"M24.711,253.364a6.411,6.411,0,0,0-6.227,4.924H7v2.954H18.484a6.4,6.4,0,0,0,12.454,0H73.873v-2.954H30.938a6.411,6.411,0,0,0-6.227-4.924m0,9.848a3.447,3.447,0,1,1,3.448-3.447,3.451,3.451,0,0,1-3.448,3.447\" transform=\"translate(-5.523 -199.913)\" fill=\"#fff\"\/>\r\n  <\/g>\r\n<\/svg>\r\n\r\n<h2>Videogalerie<\/h2>\r\n\r\n<div class=\"wp-block-button aligncenter\"><a class=\"wp-block-button__link wp-element-button\" href=\"\/de\/videogalerie\/\" style=\"margin-right:auto;margin-left:auto;\" rel=\"noopener\">\r\nEntdecken\r\n<\/a><\/div>\r\n<\/div>\r\n\r\n<div class=\"items__item --3\" onClick=\"location.href='\/design-files-4\/'\">\r\n<svg id=\"Group_250\" data-name=\"Group 250\" xmlns=\"http:\/\/www.w3.org\/2000\/svg\" xmlns:xlink=\"http:\/\/www.w3.org\/1999\/xlink\" width=\"66.26\" height=\"65.381\" viewBox=\"0 0 66.26 65.381\">\r\n  <defs>\r\n    <clipPath id=\"clip-path\">\r\n      <rect id=\"Rectangle_481\" data-name=\"Rectangle 481\" width=\"66.26\" height=\"65.381\" fill=\"#fff\"\/>\r\n    <\/clipPath>\r\n  <\/defs>\r\n  <g id=\"Group_249\" data-name=\"Group 249\" clip-path=\"url(#clip-path)\">\r\n    <path id=\"Path_225\" data-name=\"Path 225\" d=\"M61.214,9.484H33.836L27.813,1.906A5.02,5.02,0,0,0,23.862,0H5.046A5.052,5.052,0,0,0,0,5.046V60.335a5.052,5.052,0,0,0,5.046,5.046H61.214a5.052,5.052,0,0,0,5.046-5.046v-45.8a5.052,5.052,0,0,0-5.046-5.046M5.046,2.928H23.862a2.107,2.107,0,0,1,1.658.8l6.463,8.131a1.463,1.463,0,0,0,1.146.553H61.214a2.121,2.121,0,0,1,2.119,2.119v5.236H60.514V16.735a1.464,1.464,0,0,0-1.464-1.464H7.21a1.464,1.464,0,0,0-1.464,1.464V29.251H2.928V5.046A2.121,2.121,0,0,1,5.046,2.928M57.587,19.767H43.315a5,5,0,0,0-3.936,1.9L33.35,29.251H8.673V18.2H57.587Zm3.627,42.687H5.046a2.121,2.121,0,0,1-2.118-2.119V32.179H34.056a1.464,1.464,0,0,0,1.146-.553l6.469-8.138a2.088,2.088,0,0,1,1.644-.793H63.333V60.335a2.121,2.121,0,0,1-2.119,2.119\" transform=\"translate(0 0)\" fill=\"#fff\"\/>\r\n  <\/g>\r\n<\/svg>\r\n\r\n<h2>Design files<\/h2>\r\n\r\n<div class=\"wp-block-button aligncenter\"><a class=\"wp-block-button__link wp-element-button\" href=\"\/de\/design-files-4\/\" style=\"margin-right:auto;margin-left:auto;\" rel=\"noopener\">\r\nEntdecken\r\n<\/a><\/div>\r\n<\/div>\r\n<\/div>\r\n<\/div><\/div><\/div>\r\n\r\n","protected":false},"excerpt":{"rendered":"","protected":false},"author":1,"featured_media":0,"parent":0,"menu_order":20,"comment_status":"closed","ping_status":"closed","template":"","meta":{"footnotes":""},"class_list":["post-68","page","type-page","status-publish","hentry"],"yoast_head":"<!-- This site is optimized with the Yoast SEO plugin v26.7 - https:\/\/yoast.com\/wordpress\/plugins\/seo\/ -->\n<title>Inspiration - Cymbidium Info<\/title>\n<meta name=\"robots\" content=\"index, follow, max-snippet:-1, max-image-preview:large, max-video-preview:-1\" \/>\n<link rel=\"canonical\" href=\"https:\/\/cymbidium.fourdesign.dev\/?page_id=68&lang=de\" \/>\n<meta property=\"og:locale\" content=\"nl_NL\" \/>\n<meta property=\"og:type\" content=\"article\" \/>\n<meta property=\"og:title\" content=\"Inspiration - Cymbidium Info\" \/>\n<meta property=\"og:url\" content=\"https:\/\/cymbidium.fourdesign.dev\/?page_id=68&amp;lang=de\" \/>\n<meta property=\"og:site_name\" content=\"Cymbidium Info\" \/>\n<meta property=\"article:modified_time\" content=\"2024-10-24T11:19:27+00:00\" \/>\n<meta name=\"twitter:card\" content=\"summary_large_image\" \/>\n<meta name=\"twitter:label1\" content=\"Geschatte leestijd\" \/>\n\t<meta name=\"twitter:data1\" content=\"1 minuut\" \/>\n<script type=\"application\/ld+json\" class=\"yoast-schema-graph\">{\"@context\":\"https:\/\/schema.org\",\"@graph\":[{\"@type\":\"WebPage\",\"@id\":\"https:\/\/cymbidium.fourdesign.dev\/?page_id=68&lang=de\",\"url\":\"https:\/\/cymbidium.fourdesign.dev\/?page_id=68&lang=de\",\"name\":\"Inspiration - Cymbidium Info\",\"isPartOf\":{\"@id\":\"https:\/\/cymbidium.fourdesign.dev\/#website\"},\"datePublished\":\"2019-08-13T06:54:36+00:00\",\"dateModified\":\"2024-10-24T11:19:27+00:00\",\"breadcrumb\":{\"@id\":\"https:\/\/cymbidium.fourdesign.dev\/?page_id=68&lang=de#breadcrumb\"},\"inLanguage\":\"nl-NL\",\"potentialAction\":[{\"@type\":\"ReadAction\",\"target\":[\"https:\/\/cymbidium.fourdesign.dev\/?page_id=68&lang=de\"]}]},{\"@type\":\"BreadcrumbList\",\"@id\":\"https:\/\/cymbidium.fourdesign.dev\/?page_id=68&lang=de#breadcrumb\",\"itemListElement\":[{\"@type\":\"ListItem\",\"position\":1,\"name\":\"Home\",\"item\":\"https:\/\/cymbidium.fourdesign.dev\/\"},{\"@type\":\"ListItem\",\"position\":2,\"name\":\"Inspiration\"}]},{\"@type\":\"WebSite\",\"@id\":\"https:\/\/cymbidium.fourdesign.dev\/#website\",\"url\":\"https:\/\/cymbidium.fourdesign.dev\/\",\"name\":\"Cymbidium Info\",\"description\":\"En nog een WordPress site\",\"potentialAction\":[{\"@type\":\"SearchAction\",\"target\":{\"@type\":\"EntryPoint\",\"urlTemplate\":\"https:\/\/cymbidium.fourdesign.dev\/?s={search_term_string}\"},\"query-input\":{\"@type\":\"PropertyValueSpecification\",\"valueRequired\":true,\"valueName\":\"search_term_string\"}}],\"inLanguage\":\"nl-NL\"}]}<\/script>\n<!-- \/ Yoast SEO plugin. -->","yoast_head_json":{"title":"Inspiration - Cymbidium Info","robots":{"index":"index","follow":"follow","max-snippet":"max-snippet:-1","max-image-preview":"max-image-preview:large","max-video-preview":"max-video-preview:-1"},"canonical":"https:\/\/cymbidium.fourdesign.dev\/?page_id=68&lang=de","og_locale":"nl_NL","og_type":"article","og_title":"Inspiration - Cymbidium Info","og_url":"https:\/\/cymbidium.fourdesign.dev\/?page_id=68&lang=de","og_site_name":"Cymbidium Info","article_modified_time":"2024-10-24T11:19:27+00:00","twitter_card":"summary_large_image","twitter_misc":{"Geschatte leestijd":"1 minuut"},"schema":{"@context":"https:\/\/schema.org","@graph":[{"@type":"WebPage","@id":"https:\/\/cymbidium.fourdesign.dev\/?page_id=68&lang=de","url":"https:\/\/cymbidium.fourdesign.dev\/?page_id=68&lang=de","name":"Inspiration - Cymbidium Info","isPartOf":{"@id":"https:\/\/cymbidium.fourdesign.dev\/#website"},"datePublished":"2019-08-13T06:54:36+00:00","dateModified":"2024-10-24T11:19:27+00:00","breadcrumb":{"@id":"https:\/\/cymbidium.fourdesign.dev\/?page_id=68&lang=de#breadcrumb"},"inLanguage":"nl-NL","potentialAction":[{"@type":"ReadAction","target":["https:\/\/cymbidium.fourdesign.dev\/?page_id=68&lang=de"]}]},{"@type":"BreadcrumbList","@id":"https:\/\/cymbidium.fourdesign.dev\/?page_id=68&lang=de#breadcrumb","itemListElement":[{"@type":"ListItem","position":1,"name":"Home","item":"https:\/\/cymbidium.fourdesign.dev\/"},{"@type":"ListItem","position":2,"name":"Inspiration"}]},{"@type":"WebSite","@id":"https:\/\/cymbidium.fourdesign.dev\/#website","url":"https:\/\/cymbidium.fourdesign.dev\/","name":"Cymbidium Info","description":"En nog een WordPress site","potentialAction":[{"@type":"SearchAction","target":{"@type":"EntryPoint","urlTemplate":"https:\/\/cymbidium.fourdesign.dev\/?s={search_term_string}"},"query-input":{"@type":"PropertyValueSpecification","valueRequired":true,"valueName":"search_term_string"}}],"inLanguage":"nl-NL"}]}},"featured_image_src":null,"featured_image_src_square":null,"_links":{"self":[{"href":"https:\/\/cymbidium.fourdesign.dev\/index.php?rest_route=\/wp\/v2\/pages\/68","targetHints":{"allow":["GET"]}}],"collection":[{"href":"https:\/\/cymbidium.fourdesign.dev\/index.php?rest_route=\/wp\/v2\/pages"}],"about":[{"href":"https:\/\/cymbidium.fourdesign.dev\/index.php?rest_route=\/wp\/v2\/types\/page"}],"author":[{"embeddable":true,"href":"https:\/\/cymbidium.fourdesign.dev\/index.php?rest_route=\/wp\/v2\/users\/1"}],"replies":[{"embeddable":true,"href":"https:\/\/cymbidium.fourdesign.dev\/index.php?rest_route=%2Fwp%2Fv2%2Fcomments&post=68"}],"version-history":[{"count":15,"href":"https:\/\/cymbidium.fourdesign.dev\/index.php?rest_route=\/wp\/v2\/pages\/68\/revisions"}],"predecessor-version":[{"id":1380,"href":"https:\/\/cymbidium.fourdesign.dev\/index.php?rest_route=\/wp\/v2\/pages\/68\/revisions\/1380"}],"wp:attachment":[{"href":"https:\/\/cymbidium.fourdesign.dev\/index.php?rest_route=%2Fwp%2Fv2%2Fmedia&parent=68"}],"curies":[{"name":"wp","href":"https:\/\/api.w.org\/{rel}","templated":true}]}}