{"id":40,"date":"2019-08-12T14:25:39","date_gmt":"2019-08-12T14:25:39","guid":{"rendered":"http:\/\/cymbidium.local\/?page_id=40"},"modified":"2024-10-25T07:55:27","modified_gmt":"2024-10-25T07:55:27","slug":"home-2","status":"publish","type":"page","link":"https:\/\/cymbidium.fourdesign.dev\/?lang=de","title":{"rendered":"Home de"},"content":{"rendered":"\r\n<div class=\"wp-block-cover is-light is-style-header\"><img decoding=\"async\" class=\"wp-block-cover__image-background wp-image-422\" style=\"object-position: 65% 0%;\" src=\"https:\/\/cymbidium.fourdesign.dev\/wp-content\/uploads\/2024\/10\/cymbidium_header.png\" alt=\"\" data-object-fit=\"cover\" data-object-position=\"65% 0%\" \/>\r\n<div class=\"wp-block-cover__inner-container is-layout-flow wp-block-cover-is-layout-flow\">\r\n<h2 class=\"wp-block-heading has-text-align-left\">Cymbidium<\/h2>\r\n\r\n\r\n\r\n<h4 class=\"wp-block-heading has-text-align-left\">Entdecken Sie die vielen M\u00f6glichkeiten<\/h4>\r\n\r\n\r\n\r\n\r\n\r\n<div class=\"wp-block-button\"><a class=\"wp-block-button__link wp-element-button\" href=\"https:\/\/cymbidium.fourdesign.dev\/cymbidium\/herkomst-en-symboliek\/\">mehr dar\u00fcber Cymbidium<\/a><\/div>\r\n<\/div>\r\n<\/div>\r\n\r\n\r\n\r\n<div class=\"wp-block-atomic-blocks-ab-container ab-block-container\">\r\n<div class=\"ab-container-inside\">\r\n<div class=\"ab-container-content\" style=\"max-width: 900px;\">\r\n<h2 class=\"wp-block-heading has-text-align-center is-style-line-bottom-centered\">Entdecken Sie das volle Potenzial von Cymbidium<\/h2>\r\n\r\n\r\n\r\n<p class=\"has-text-align-center\">Willkommen in einer Welt, die speziell f\u00fcr Sie geschaffen wurde, in der Cymbidium-Orchideen im Mittelpunkt stehen und Kreativit\u00e4t keine Grenzen kennt. Ob Sie ein erfahrener Florist oder neu in der Blumenbranche sind, diese Website wurde entwickelt, um zu inspirieren, zu informieren und Kreativit\u00e4t zu feiern. Begleiten Sie uns auf der Entdeckungsreise zu den unendlichen M\u00f6glichkeiten von Cymbidium-Orchideen \u2013 denn jeder Florist, vom erfahrenen Profi bis zum aufstrebenden Talent, verdient es, zu gedeihen!<br \/><br \/>\r\nCymbidium.info ist eine Initiative niederl\u00e4ndischer Schnitt-Cymbidium-Z\u00fcchter. Sie arbeiten zusammen, um Sie zu inspirieren und Ihnen Einblicke in die Vielseitigkeit und Anwendungsm\u00f6glichkeiten von Cymbidium zu geben.\r\n<\/p>\r\n\r\n\r\n<\/div>\r\n<\/div>\r\n<\/div>\r\n\r\n\r\n\r\n<div class=\"wp-block-atomic-blocks-ab-container ab-block-container\" style=\"margin-bottom:50px;\">\r\n<div class=\"ab-container-inside\">\r\n<div class=\"ab-container-content\" style=\"max-width: 900px;\">\r\n<h2 class=\"wp-block-heading has-text-align-center is-style-line-bottom-centered\">#Cymbidiumlover<\/h2>\r\n\r\n\r\n\r\n<p class=\"has-text-align-center\">M\u00f6chten Sie Ihre Leidenschaft f\u00fcr Cymbidium teilen? Zeigen Sie uns Ihre Kreationen mit #cymbidiumlover<\/p>\r\n\r\n\r\n\r\n<div class=\"wp-block-button aligncenter\" style=\"margin-top:25px;\"><a class=\"wp-block-button__link wp-element-button\" href=\"https:\/\/www.instagram.com\/cymbidium.info\/\" style=\"margin-right:auto;margin-left:auto;\" target=\"_blank\" rel=\"noopener\">\r\n\r\nInstagram\r\n<svg id=\"Group_194\" data-name=\"Group 194\" xmlns=\"http:\/\/www.w3.org\/2000\/svg\" width=\"24.222\" height=\"24.222\" viewBox=\"0 0 24.222 24.222\">\r\n  <path id=\"Path_22\" data-name=\"Path 22\" d=\"M61.8,171.03c3.234,0,3.617.012,4.894.07a6.7,6.7,0,0,1,2.249.417,4.006,4.006,0,0,1,2.3,2.3,6.7,6.7,0,0,1,.417,2.249c.058,1.277.07,1.66.07,4.894s-.012,3.617-.07,4.894a6.7,6.7,0,0,1-.417,2.249,4.01,4.01,0,0,1-2.3,2.3,6.7,6.7,0,0,1-2.249.417c-1.277.058-1.66.071-4.894.071s-3.617-.013-4.894-.071a6.7,6.7,0,0,1-2.249-.417,4.01,4.01,0,0,1-2.3-2.3,6.7,6.7,0,0,1-.417-2.249c-.058-1.277-.07-1.66-.07-4.894s.012-3.617.07-4.894a6.7,6.7,0,0,1,.417-2.249,4.006,4.006,0,0,1,2.3-2.3,6.7,6.7,0,0,1,2.249-.417c1.277-.058,1.66-.07,4.894-.07m0-2.182c-3.289,0-3.7.014-4.993.073a8.876,8.876,0,0,0-2.94.563,6.19,6.19,0,0,0-3.542,3.542,8.879,8.879,0,0,0-.563,2.94c-.059,1.292-.073,1.7-.073,4.993s.014,3.7.073,4.993a8.882,8.882,0,0,0,.563,2.94,6.194,6.194,0,0,0,3.542,3.542,8.9,8.9,0,0,0,2.94.563c1.292.059,1.7.073,4.993.073s3.7-.014,4.993-.073a8.907,8.907,0,0,0,2.94-.563,6.194,6.194,0,0,0,3.542-3.542,8.882,8.882,0,0,0,.563-2.94c.059-1.292.073-1.7.073-4.993s-.014-3.7-.073-4.993a8.878,8.878,0,0,0-.563-2.94,6.19,6.19,0,0,0-3.542-3.542,8.879,8.879,0,0,0-2.94-.563c-1.292-.059-1.7-.073-4.993-.073\" transform=\"translate(-49.693 -168.848)\" fill=\"#fff\"\/>\r\n  <path id=\"Path_23\" data-name=\"Path 23\" d=\"M66.23,179.167a6.219,6.219,0,1,0,6.219,6.219,6.219,6.219,0,0,0-6.219-6.219m0,10.256a4.037,4.037,0,1,1,4.037-4.037,4.037,4.037,0,0,1-4.037,4.037\" transform=\"translate(-54.119 -173.275)\" fill=\"#fff\"\/>\r\n  <path id=\"Path_24\" data-name=\"Path 24\" d=\"M82.586,177.644a1.453,1.453,0,1,1-1.453-1.453,1.453,1.453,0,0,1,1.453,1.453\" transform=\"translate(-62.557 -171.998)\" fill=\"#fff\"\/>\r\n<\/svg>\r\n\r\n<\/a><\/div>\r\n\r\n\r\n<\/div>\r\n<\/div>\r\n<\/div>\r\n\r\n\r\n\r\n<div class=\"wp-block-atomic-blocks-ab-container ab-block-container\">\r\n<div class=\"ab-container-inside\">\r\n<div class=\"ab-container-content\" style=\"max-width: 1280px;\"><div class=\"elfsight-app-82b4ce88-8590-4c75-a64b-86923fb13d08\" data-elfsight-app-lazy><\/div><\/div>\r\n<\/div>\r\n<\/div>\r\n\r\n\r\n\r\n<div class=\"wp-block-atomic-blocks-ab-columns ab-layout-columns-2 ab-2-col-wideleft ab-columns-center\">\r\n<div class=\"ab-layout-column-wrap ab-block-layout-column-gap-2 ab-is-responsive-column\" style=\"max-width: 1280px;\">\r\n<div class=\"wp-block-atomic-blocks-ab-column ab-block-layout-column\">\r\n<div class=\"ab-block-layout-column-inner\">\r\n<div class=\"wp-block-cover\"><img decoding=\"async\" class=\"wp-block-cover__image-background wp-image-326\" src=\"https:\/\/cymbidium.fourdesign.dev\/wp-content\/uploads\/2024\/10\/Mask-Group-3.png\" alt=\"\" data-object-fit=\"cover\" \/>\r\n<div class=\"wp-block-cover__inner-container is-layout-flow wp-block-cover-is-layout-flow\">\r\n<p class=\"has-text-align-center has-large-font-size\">\u00a0<\/p>\r\n<\/div>\r\n<\/div>\r\n<\/div>\r\n<\/div>\r\n\r\n\r\n\r\n<div class=\"wp-block-atomic-blocks-ab-column ab-block-layout-column\"><div class=\"ab-block-layout-column-inner\">\r\n<h2 class=\"is-style-line-bottom wp-block-heading\">\u00dcber die Cymbidie<\/h2>\r\n\r\n\r\n\r\n<p>Die Cymbidie ist eine elegante und mysteri\u00f6se Blume. Durch ihre prachtvollen Bl\u00fcten, die umfangreiche Farbpalette und die Vielfalt an Formen ist sie sehr vielseitig.<\/p>\r\n\r\n\r\n\r\n<p>Insgesamt gibt es mehr als 1.000 Cymbidiumsorten, die man leicht an ihrer beeindruckenden Bl\u00fctenfackel erkennt. Die Sorten werden grob in zwei Kategorien eingeteilt: klein- und gro\u00dfblumige Cymbidien.<\/p>\r\n\r\n\r\n<div class=\"wp-block-button\" style=\"margin-top:50px;\"><a class=\"wp-block-button__link wp-element-button\" href=\"\/de\/home-2\/symbolik-und-geschichte\/\" rel=\"noopener\">Lesen Sie mehr<\/a><\/div>\r\n\r\n<\/div><\/div>\r\n<\/div><\/div>\r\n\r\n\r\n\r\n\r\n<div class=\"wp-block-atomic-blocks-ab-container ab-block-container\"><div class=\"ab-container-inside\"><div class=\"ab-container-content\" style=\"max-width:1280px\">\r\n<div class=\"wp-block-cover aligncenter is-link\"><span aria-hidden=\"true\" class=\"wp-block-cover__background has-very-dark-gray-background-color has-background-dim\"><\/span><img loading=\"lazy\" decoding=\"async\" width=\"1280\" height=\"1920\" class=\"wp-block-cover__image-background wp-image-291\" src=\"https:\/\/cymbidium.fourdesign.dev\/wp-content\/uploads\/2019\/08\/herkomst-en-symboliek-background.jpg\" data-object-fit=\"cover\" srcset=\"https:\/\/cymbidium.fourdesign.dev\/wp-content\/uploads\/2019\/08\/herkomst-en-symboliek-background.jpg 1280w, https:\/\/cymbidium.fourdesign.dev\/wp-content\/uploads\/2019\/08\/herkomst-en-symboliek-background-200x300.jpg 200w, https:\/\/cymbidium.fourdesign.dev\/wp-content\/uploads\/2019\/08\/herkomst-en-symboliek-background-768x1152.jpg 768w, https:\/\/cymbidium.fourdesign.dev\/wp-content\/uploads\/2019\/08\/herkomst-en-symboliek-background-683x1024.jpg 683w\" sizes=\"auto, (max-width: 1280px) 100vw, 1280px\" \/><div class=\"wp-block-cover__inner-container is-layout-flow wp-block-cover-is-layout-flow\">\r\n<p class=\"has-text-align-center\"><img loading=\"lazy\" decoding=\"async\" width=\"150\" height=\"121\" class=\"wp-image-203\" style=\"width: 150px;\" src=\"https:\/\/cymbidium.fourdesign.dev\/wp-content\/uploads\/2019\/08\/Group-37@2x.png\" alt=\"\"><\/p>\r\n\r\n\r\n\r\n<h2 class=\"wp-block-heading has-text-align-center\">Herkunft und Symbolik<\/h2>\r\n\r\n\r\n\r\n<div class=\"wp-block-button aligncenter\" style=\"display:flex;justify-content:center;\"><a class=\"wp-block-button__link wp-element-button\" href=\"\/de\/home-2\/symbolik-und-geschichte\/\">Lesen Sie mehr<\/a><\/div>\r\n<\/div>\r\n<\/div>\r\n<\/div>\r\n<\/div>\r\n<\/div>\r\n\r\n\r\n\r\n\r\n<div class=\"wp-block-atomic-blocks-ab-columns ab-layout-columns-2 ab-2-col-wideright ab-columns-center column-photo\"><div class=\"ab-layout-column-wrap ab-block-layout-column-gap-2 ab-is-responsive-column\" style=\"max-width:1280px\">\r\n<div class=\"wp-block-atomic-blocks-ab-column ab-block-layout-column\"><div class=\"ab-block-layout-column-inner\">\r\n<h2 class=\"is-style-line-bottom wp-block-heading\">Farben des Regenbogens<\/h2>\r\n\r\n\r\n\r\n<p>Cymbidien sind in Rot, Orange, Gelb, Gr\u00fcn, Blau, Indigo und Violett erh\u00e4ltlich. Zudem gibt es sie auch in Naturfarben wie Braun und Wei\u00df. Wenn man unter den genannten Farben nicht f\u00fcndig wird, gibt es auch noch zweifarbige Varianten.<\/p>\r\n<\/div><\/div>\r\n\r\n\r\n\r\n<div class=\"wp-block-atomic-blocks-ab-column ab-block-layout-column\"><div class=\"ab-block-layout-column-inner\">\r\n<div class=\"wp-block-cover\" style=\"background-image:url(https:\/\/cymbidium.fourdesign.dev\/wp-content\/uploads\/2019\/09\/cymbidium-7466@2x.jpg)\"><div class=\"wp-block-cover__inner-container is-layout-flow wp-block-cover-is-layout-flow\">\r\n<p class=\"has-text-align-center has-large-font-size\"><\/p>\r\n<\/div><\/div>\r\n<\/div><\/div>\r\n<\/div><\/div>\r\n\r\n\r\n\r\n<div class=\"wp-block-atomic-blocks-ab-container ab-block-container\"><div class=\"ab-container-inside\"><div class=\"ab-container-content\" style=\"max-width:1280px\">\r\n<blockquote class=\"wp-block-quote has-text-align-center is-layout-flow wp-block-quote-is-layout-flow\"><p>Cymbidien sind starke Blumen, die im Haus lange haltbar sind;<\/p><cite>n\u00e4mlich bis zu 2-3 Wochen.<\/cite><\/blockquote>\r\n<\/div><\/div><\/div>\r\n\r\n\r\n\r\n<div class=\"wp-block-atomic-blocks-ab-columns ab-layout-columns-2 ab-2-col-wideleft ab-columns-center\"><div class=\"ab-layout-column-wrap ab-block-layout-column-gap-2 ab-is-responsive-column\" style=\"max-width:1280px\">\r\n<div class=\"wp-block-atomic-blocks-ab-column ab-block-layout-column\"><div class=\"ab-block-layout-column-inner\">\r\n<div class=\"wp-block-cover\" style=\"background-image:url(https:\/\/cymbidium.fourdesign.dev\/wp-content\/uploads\/2019\/08\/cymbidium_02-hr.jpg)\"><div class=\"wp-block-cover__inner-container is-layout-flow wp-block-cover-is-layout-flow\">\r\n<p class=\"has-text-align-center has-large-font-size\"><\/p>\r\n<\/div><\/div>\r\n<\/div><\/div>\r\n\r\n\r\n\r\n<div class=\"wp-block-atomic-blocks-ab-column ab-block-layout-column\"><div class=\"ab-block-layout-column-inner\">\r\n<h2 class=\"is-style-line-bottom wp-block-heading\">Blum zum K\u00fcssen<\/h2>\r\n\r\n\r\n\r\n<p>Ganz gleich, ob die Form rund oder eher spitz ist: Orchideenartige kann man im Allgemeinen leicht an den drei Kron- und drei Kelchbl\u00e4ttern erkennen. Das mittlere Kronblatt wird auch \u2018Lippe\u2019 genannt: eine Blume zum K\u00fcssen! Ganz besonders gilt dies f\u00fcr Insekten. Sie nutzen diesen \u2018Landeplatz\u2019, um das Innerste der Bl\u00fcte zu erreichen. Mutter Natur hat sich dies gut ausgedacht: um die richtigen Insekten anzulocken, hat sie die Lippe mit einer etwas \u00fcberschw\u00e4nglicheren Farbe ausgestattet und ihr eine auff\u00e4llige Zeichnung gegeben. &nbsp;<\/p>\r\n<\/div><\/div>\r\n<\/div><\/div>\r\n\r\n\r\n\r\n<div class=\"wp-block-atomic-blocks-ab-container ab-block-container\"><div class=\"ab-container-inside\"><div class=\"ab-container-content\" style=\"max-width:1280px\">\r\n<blockquote class=\"wp-block-quote has-text-align-center is-layout-flow wp-block-quote-is-layout-flow\"><p>Cymbidien einen leicht s\u00fc\u00dflichen Duft verbreiten?<\/p><cite>Der Philosoph Konfuzius nannte die Blume sogar &#8216;die k\u00f6nigin der D\u00fcfte&#8217;.<\/cite><\/blockquote>\r\n<\/div><\/div><\/div>\r\n","protected":false},"excerpt":{"rendered":"","protected":false},"author":1,"featured_media":0,"parent":0,"menu_order":1,"comment_status":"closed","ping_status":"closed","template":"","meta":{"footnotes":""},"class_list":["post-40","page","type-page","status-publish","hentry"],"yoast_head":"<!-- This site is optimized with the Yoast SEO plugin v26.7 - https:\/\/yoast.com\/wordpress\/plugins\/seo\/ -->\n<title>Home de - Cymbidium Info<\/title>\n<meta name=\"robots\" content=\"index, follow, max-snippet:-1, max-image-preview:large, max-video-preview:-1\" \/>\n<link rel=\"canonical\" href=\"https:\/\/cymbidium.fourdesign.dev\/?lang=de\" \/>\n<meta property=\"og:locale\" content=\"nl_NL\" \/>\n<meta property=\"og:type\" content=\"article\" \/>\n<meta property=\"og:title\" content=\"Home de - Cymbidium Info\" \/>\n<meta property=\"og:url\" content=\"https:\/\/cymbidium.fourdesign.dev\/?lang=de\" \/>\n<meta property=\"og:site_name\" content=\"Cymbidium Info\" \/>\n<meta property=\"article:modified_time\" content=\"2024-10-25T07:55:27+00:00\" \/>\n<meta property=\"og:image\" content=\"https:\/\/cymbidium.fourdesign.dev\/wp-content\/uploads\/2024\/10\/cymbidium_header.png\" \/>\n<meta name=\"twitter:card\" content=\"summary_large_image\" \/>\n<meta name=\"twitter:label1\" content=\"Geschatte leestijd\" \/>\n\t<meta name=\"twitter:data1\" content=\"3 minuten\" \/>\n<script type=\"application\/ld+json\" class=\"yoast-schema-graph\">{\"@context\":\"https:\/\/schema.org\",\"@graph\":[{\"@type\":\"WebPage\",\"@id\":\"https:\/\/cymbidium.fourdesign.dev\/?lang=de\",\"url\":\"https:\/\/cymbidium.fourdesign.dev\/?lang=de\",\"name\":\"Home de - Cymbidium Info\",\"isPartOf\":{\"@id\":\"https:\/\/cymbidium.fourdesign.dev\/#website\"},\"primaryImageOfPage\":{\"@id\":\"https:\/\/cymbidium.fourdesign.dev\/?lang=de#primaryimage\"},\"image\":{\"@id\":\"https:\/\/cymbidium.fourdesign.dev\/?lang=de#primaryimage\"},\"thumbnailUrl\":\"https:\/\/cymbidium.fourdesign.dev\/wp-content\/uploads\/2024\/10\/cymbidium_header.png\",\"datePublished\":\"2019-08-12T14:25:39+00:00\",\"dateModified\":\"2024-10-25T07:55:27+00:00\",\"breadcrumb\":{\"@id\":\"https:\/\/cymbidium.fourdesign.dev\/?lang=de#breadcrumb\"},\"inLanguage\":\"nl-NL\",\"potentialAction\":[{\"@type\":\"ReadAction\",\"target\":[\"https:\/\/cymbidium.fourdesign.dev\/?lang=de\"]}]},{\"@type\":\"ImageObject\",\"inLanguage\":\"nl-NL\",\"@id\":\"https:\/\/cymbidium.fourdesign.dev\/?lang=de#primaryimage\",\"url\":\"https:\/\/cymbidium.fourdesign.dev\/wp-content\/uploads\/2019\/09\/cymbidium-7498-gespiegeld.jpg\",\"contentUrl\":\"https:\/\/cymbidium.fourdesign.dev\/wp-content\/uploads\/2019\/09\/cymbidium-7498-gespiegeld.jpg\",\"width\":2560,\"height\":1707},{\"@type\":\"BreadcrumbList\",\"@id\":\"https:\/\/cymbidium.fourdesign.dev\/?lang=de#breadcrumb\",\"itemListElement\":[{\"@type\":\"ListItem\",\"position\":1,\"name\":\"Home\",\"item\":\"https:\/\/cymbidium.fourdesign.dev\/\"},{\"@type\":\"ListItem\",\"position\":2,\"name\":\"Home de\"}]},{\"@type\":\"WebSite\",\"@id\":\"https:\/\/cymbidium.fourdesign.dev\/#website\",\"url\":\"https:\/\/cymbidium.fourdesign.dev\/\",\"name\":\"Cymbidium Info\",\"description\":\"En nog een WordPress site\",\"potentialAction\":[{\"@type\":\"SearchAction\",\"target\":{\"@type\":\"EntryPoint\",\"urlTemplate\":\"https:\/\/cymbidium.fourdesign.dev\/?s={search_term_string}\"},\"query-input\":{\"@type\":\"PropertyValueSpecification\",\"valueRequired\":true,\"valueName\":\"search_term_string\"}}],\"inLanguage\":\"nl-NL\"}]}<\/script>\n<!-- \/ Yoast SEO plugin. -->","yoast_head_json":{"title":"Home de - Cymbidium Info","robots":{"index":"index","follow":"follow","max-snippet":"max-snippet:-1","max-image-preview":"max-image-preview:large","max-video-preview":"max-video-preview:-1"},"canonical":"https:\/\/cymbidium.fourdesign.dev\/?lang=de","og_locale":"nl_NL","og_type":"article","og_title":"Home de - Cymbidium Info","og_url":"https:\/\/cymbidium.fourdesign.dev\/?lang=de","og_site_name":"Cymbidium Info","article_modified_time":"2024-10-25T07:55:27+00:00","og_image":[{"url":"https:\/\/cymbidium.fourdesign.dev\/wp-content\/uploads\/2024\/10\/cymbidium_header.png","type":"","width":"","height":""}],"twitter_card":"summary_large_image","twitter_misc":{"Geschatte leestijd":"3 minuten"},"schema":{"@context":"https:\/\/schema.org","@graph":[{"@type":"WebPage","@id":"https:\/\/cymbidium.fourdesign.dev\/?lang=de","url":"https:\/\/cymbidium.fourdesign.dev\/?lang=de","name":"Home de - Cymbidium Info","isPartOf":{"@id":"https:\/\/cymbidium.fourdesign.dev\/#website"},"primaryImageOfPage":{"@id":"https:\/\/cymbidium.fourdesign.dev\/?lang=de#primaryimage"},"image":{"@id":"https:\/\/cymbidium.fourdesign.dev\/?lang=de#primaryimage"},"thumbnailUrl":"https:\/\/cymbidium.fourdesign.dev\/wp-content\/uploads\/2024\/10\/cymbidium_header.png","datePublished":"2019-08-12T14:25:39+00:00","dateModified":"2024-10-25T07:55:27+00:00","breadcrumb":{"@id":"https:\/\/cymbidium.fourdesign.dev\/?lang=de#breadcrumb"},"inLanguage":"nl-NL","potentialAction":[{"@type":"ReadAction","target":["https:\/\/cymbidium.fourdesign.dev\/?lang=de"]}]},{"@type":"ImageObject","inLanguage":"nl-NL","@id":"https:\/\/cymbidium.fourdesign.dev\/?lang=de#primaryimage","url":"https:\/\/cymbidium.fourdesign.dev\/wp-content\/uploads\/2019\/09\/cymbidium-7498-gespiegeld.jpg","contentUrl":"https:\/\/cymbidium.fourdesign.dev\/wp-content\/uploads\/2019\/09\/cymbidium-7498-gespiegeld.jpg","width":2560,"height":1707},{"@type":"BreadcrumbList","@id":"https:\/\/cymbidium.fourdesign.dev\/?lang=de#breadcrumb","itemListElement":[{"@type":"ListItem","position":1,"name":"Home","item":"https:\/\/cymbidium.fourdesign.dev\/"},{"@type":"ListItem","position":2,"name":"Home de"}]},{"@type":"WebSite","@id":"https:\/\/cymbidium.fourdesign.dev\/#website","url":"https:\/\/cymbidium.fourdesign.dev\/","name":"Cymbidium Info","description":"En nog een WordPress site","potentialAction":[{"@type":"SearchAction","target":{"@type":"EntryPoint","urlTemplate":"https:\/\/cymbidium.fourdesign.dev\/?s={search_term_string}"},"query-input":{"@type":"PropertyValueSpecification","valueRequired":true,"valueName":"search_term_string"}}],"inLanguage":"nl-NL"}]}},"featured_image_src":null,"featured_image_src_square":null,"_links":{"self":[{"href":"https:\/\/cymbidium.fourdesign.dev\/index.php?rest_route=\/wp\/v2\/pages\/40","targetHints":{"allow":["GET"]}}],"collection":[{"href":"https:\/\/cymbidium.fourdesign.dev\/index.php?rest_route=\/wp\/v2\/pages"}],"about":[{"href":"https:\/\/cymbidium.fourdesign.dev\/index.php?rest_route=\/wp\/v2\/types\/page"}],"author":[{"embeddable":true,"href":"https:\/\/cymbidium.fourdesign.dev\/index.php?rest_route=\/wp\/v2\/users\/1"}],"replies":[{"embeddable":true,"href":"https:\/\/cymbidium.fourdesign.dev\/index.php?rest_route=%2Fwp%2Fv2%2Fcomments&post=40"}],"version-history":[{"count":38,"href":"https:\/\/cymbidium.fourdesign.dev\/index.php?rest_route=\/wp\/v2\/pages\/40\/revisions"}],"predecessor-version":[{"id":1414,"href":"https:\/\/cymbidium.fourdesign.dev\/index.php?rest_route=\/wp\/v2\/pages\/40\/revisions\/1414"}],"wp:attachment":[{"href":"https:\/\/cymbidium.fourdesign.dev\/index.php?rest_route=%2Fwp%2Fv2%2Fmedia&parent=40"}],"curies":[{"name":"wp","href":"https:\/\/api.w.org\/{rel}","templated":true}]}}