{"id":215,"date":"2019-08-16T06:40:26","date_gmt":"2019-08-16T06:40:26","guid":{"rendered":"http:\/\/cymbidium.local\/?page_id=215"},"modified":"2024-10-25T07:33:21","modified_gmt":"2024-10-25T07:33:21","slug":"pflege","status":"publish","type":"page","link":"https:\/\/cymbidium.fourdesign.dev\/?page_id=215&lang=de","title":{"rendered":"Pflege"},"content":{"rendered":"\r\n<div class=\"wp-block-atomic-blocks-ab-container ab-block-container\"><div class=\"ab-container-inside\"><div class=\"ab-container-content\" style=\"max-width:900px\">\r\n<p>Die Cymbidie sieht elegant und delikat aus, ist aber zugleich ein echter Kraftprotz! Sie ist pflegeleicht und bleibt im Durchschnitt zwei bis drei Wochen sch\u00f6n.<\/p>\r\n\r\n\r\n\r\n<h3 class=\"wp-block-heading\">Im Gesch\u00e4ft<\/h3>\r\n\r\n\r\n\r\n<ul class=\"wp-block-list\"><li>8\u00b0 C ist die ideale Temperatur f\u00fcr den Transport von Cymbidien<\/li><li>Cymbidien sollte man genau wie andere Blumen besser nicht an eine zugige Stelle oder in die pralle Sonne stellen.<\/li><li>Behandeln Sie die Cymbidie wie eine echte Diva:<\/li><li>Vermeiden Sie St\u00fcrze und St\u00f6\u00dfe und ber\u00fchren Sie die Stempelkappe nicht.<\/li><li>Sorgen Sie daf\u00fcr, dass die Fl\u00e4schchen am Ende der Blumenstiele immer gut mit Wasser gef\u00fcllt sind<\/li><\/ul>\r\n<\/div><\/div><\/div>\r\n\r\n\r\n\r\n<div class=\"wp-block-atomic-blocks-ab-container ab-block-container\"><div class=\"ab-container-inside\"><div class=\"ab-container-content\" style=\"max-width:1280px\">\r\n<div class=\"wp-block-cover\" style=\"background-image:url(https:\/\/cymbidium.fourdesign.dev\/wp-content\/uploads\/2019\/08\/image-verzorging.jpg)\"><div class=\"wp-block-cover__inner-container is-layout-flow wp-block-cover-is-layout-flow\">\r\n<p style=\"text-align:center\" class=\"has-large-font-size\"><\/p>\r\n<\/div><\/div>\r\n<\/div><\/div><\/div>\r\n\r\n\r\n\r\n<div class=\"wp-block-atomic-blocks-ab-container ab-block-container\"><div class=\"ab-container-inside\"><div class=\"ab-container-content\" style=\"max-width:900px\">\r\n<h2 class=\"wp-block-heading\">Tipps f\u00fcr zu Hause<\/h2>\r\n\r\n\r\n\r\n<p>Geben Sie dem Konsumenten diese Tipps mit, damit er sich m\u00f6glichst lange an der Cymbidie erfreuen kann:<\/p>\r\n\r\n\r\n\r\n<ul class=\"wp-block-list\"><li>Schneiden Sie einen Zentimeter von den Stielen ab; am besten schr\u00e4g abschneiden.<\/li><li>Stellen Sie Cymbidien mit einem schr\u00e4g abgeschnittenen Stiel in eine Vase mit lauwarmem Wasser.<\/li><li>Schnittblumennahrung ist nicht erforderlich. Die Cymbidie kann gut f\u00fcr sich selbst sorgen.<\/li><li>Stellen Sie die Cymbidie an einen hellen Ort. Vermeiden Sie einen Standort in der N\u00e4he einer Heizquelle, eines Ofens und im direkten Sonnenlicht.<\/li><li>Cymbidien in einer Vase auf dem Esstisch? Wundervoll, aber stellen Sie die Blumen nicht in die N\u00e4he einer Obstschale! Obst produziert n\u00e4mlich Gase, welche die Blumen schneller verwelken oder altern lassen.<\/li><li>Die Blume hat ein zartes Herz; ber\u00fchren Sie das Innerste der Bl\u00fcte nicht. Jede Ber\u00fchrung sorgt n\u00e4mlich f\u00fcr die Verbreitung von Bl\u00fctenstaub, was wiederum zu einem schnelleren Verwelken f\u00fchren kann.<\/li><\/ul>\r\n<\/div><\/div><\/div>\r\n\r\n\r\n\r\n<div class=\"wp-block-atomic-blocks-ab-container ab-block-container\"><div class=\"ab-container-inside\"><div class=\"ab-container-content\" style=\"max-width:1280px\">\r\n<blockquote style=\"text-align:center\" class=\"wp-block-quote is-layout-flow wp-block-quote-is-layout-flow\"><p> Pssst! Dies ist der Geheimtipp f\u00fcr einen besonders langen Genuss: <\/p><cite>  Ist das Wasser tr\u00fcb? F\u00fcllen Sie die Vase mit sauberem Wasser und schneiden Sie von den Stielen erneut ca. einen Zentimeter ab. <\/cite><\/blockquote>\r\n<\/div><\/div><\/div>\r\n","protected":false},"excerpt":{"rendered":"","protected":false},"author":1,"featured_media":0,"parent":0,"menu_order":2,"comment_status":"closed","ping_status":"closed","template":"","meta":{"footnotes":""},"class_list":["post-215","page","type-page","status-publish","hentry"],"yoast_head":"<!-- This site is optimized with the Yoast SEO plugin v26.7 - https:\/\/yoast.com\/wordpress\/plugins\/seo\/ -->\n<title>Pflege - Cymbidium Info<\/title>\n<meta name=\"robots\" content=\"index, follow, max-snippet:-1, max-image-preview:large, max-video-preview:-1\" \/>\n<link rel=\"canonical\" href=\"https:\/\/cymbidium.fourdesign.dev\/?page_id=215&lang=de\" \/>\n<meta property=\"og:locale\" content=\"nl_NL\" \/>\n<meta property=\"og:type\" content=\"article\" \/>\n<meta property=\"og:title\" content=\"Pflege - Cymbidium Info\" \/>\n<meta property=\"og:url\" content=\"https:\/\/cymbidium.fourdesign.dev\/?page_id=215&amp;lang=de\" \/>\n<meta property=\"og:site_name\" content=\"Cymbidium Info\" \/>\n<meta property=\"article:modified_time\" content=\"2024-10-25T07:33:21+00:00\" \/>\n<meta name=\"twitter:card\" content=\"summary_large_image\" \/>\n<meta name=\"twitter:label1\" content=\"Geschatte leestijd\" \/>\n\t<meta name=\"twitter:data1\" content=\"1 minuut\" \/>\n<script type=\"application\/ld+json\" class=\"yoast-schema-graph\">{\"@context\":\"https:\/\/schema.org\",\"@graph\":[{\"@type\":\"WebPage\",\"@id\":\"https:\/\/cymbidium.fourdesign.dev\/?page_id=215&lang=de\",\"url\":\"https:\/\/cymbidium.fourdesign.dev\/?page_id=215&lang=de\",\"name\":\"Pflege - Cymbidium Info\",\"isPartOf\":{\"@id\":\"https:\/\/cymbidium.fourdesign.dev\/#website\"},\"datePublished\":\"2019-08-16T06:40:26+00:00\",\"dateModified\":\"2024-10-25T07:33:21+00:00\",\"breadcrumb\":{\"@id\":\"https:\/\/cymbidium.fourdesign.dev\/?page_id=215&lang=de#breadcrumb\"},\"inLanguage\":\"nl-NL\",\"potentialAction\":[{\"@type\":\"ReadAction\",\"target\":[\"https:\/\/cymbidium.fourdesign.dev\/?page_id=215&lang=de\"]}]},{\"@type\":\"BreadcrumbList\",\"@id\":\"https:\/\/cymbidium.fourdesign.dev\/?page_id=215&lang=de#breadcrumb\",\"itemListElement\":[{\"@type\":\"ListItem\",\"position\":1,\"name\":\"Home\",\"item\":\"https:\/\/cymbidium.fourdesign.dev\/\"},{\"@type\":\"ListItem\",\"position\":2,\"name\":\"Pflege\"}]},{\"@type\":\"WebSite\",\"@id\":\"https:\/\/cymbidium.fourdesign.dev\/#website\",\"url\":\"https:\/\/cymbidium.fourdesign.dev\/\",\"name\":\"Cymbidium Info\",\"description\":\"En nog een WordPress site\",\"potentialAction\":[{\"@type\":\"SearchAction\",\"target\":{\"@type\":\"EntryPoint\",\"urlTemplate\":\"https:\/\/cymbidium.fourdesign.dev\/?s={search_term_string}\"},\"query-input\":{\"@type\":\"PropertyValueSpecification\",\"valueRequired\":true,\"valueName\":\"search_term_string\"}}],\"inLanguage\":\"nl-NL\"}]}<\/script>\n<!-- \/ Yoast SEO plugin. -->","yoast_head_json":{"title":"Pflege - Cymbidium Info","robots":{"index":"index","follow":"follow","max-snippet":"max-snippet:-1","max-image-preview":"max-image-preview:large","max-video-preview":"max-video-preview:-1"},"canonical":"https:\/\/cymbidium.fourdesign.dev\/?page_id=215&lang=de","og_locale":"nl_NL","og_type":"article","og_title":"Pflege - Cymbidium Info","og_url":"https:\/\/cymbidium.fourdesign.dev\/?page_id=215&lang=de","og_site_name":"Cymbidium Info","article_modified_time":"2024-10-25T07:33:21+00:00","twitter_card":"summary_large_image","twitter_misc":{"Geschatte leestijd":"1 minuut"},"schema":{"@context":"https:\/\/schema.org","@graph":[{"@type":"WebPage","@id":"https:\/\/cymbidium.fourdesign.dev\/?page_id=215&lang=de","url":"https:\/\/cymbidium.fourdesign.dev\/?page_id=215&lang=de","name":"Pflege - Cymbidium Info","isPartOf":{"@id":"https:\/\/cymbidium.fourdesign.dev\/#website"},"datePublished":"2019-08-16T06:40:26+00:00","dateModified":"2024-10-25T07:33:21+00:00","breadcrumb":{"@id":"https:\/\/cymbidium.fourdesign.dev\/?page_id=215&lang=de#breadcrumb"},"inLanguage":"nl-NL","potentialAction":[{"@type":"ReadAction","target":["https:\/\/cymbidium.fourdesign.dev\/?page_id=215&lang=de"]}]},{"@type":"BreadcrumbList","@id":"https:\/\/cymbidium.fourdesign.dev\/?page_id=215&lang=de#breadcrumb","itemListElement":[{"@type":"ListItem","position":1,"name":"Home","item":"https:\/\/cymbidium.fourdesign.dev\/"},{"@type":"ListItem","position":2,"name":"Pflege"}]},{"@type":"WebSite","@id":"https:\/\/cymbidium.fourdesign.dev\/#website","url":"https:\/\/cymbidium.fourdesign.dev\/","name":"Cymbidium Info","description":"En nog een WordPress site","potentialAction":[{"@type":"SearchAction","target":{"@type":"EntryPoint","urlTemplate":"https:\/\/cymbidium.fourdesign.dev\/?s={search_term_string}"},"query-input":{"@type":"PropertyValueSpecification","valueRequired":true,"valueName":"search_term_string"}}],"inLanguage":"nl-NL"}]}},"featured_image_src":null,"featured_image_src_square":null,"_links":{"self":[{"href":"https:\/\/cymbidium.fourdesign.dev\/index.php?rest_route=\/wp\/v2\/pages\/215","targetHints":{"allow":["GET"]}}],"collection":[{"href":"https:\/\/cymbidium.fourdesign.dev\/index.php?rest_route=\/wp\/v2\/pages"}],"about":[{"href":"https:\/\/cymbidium.fourdesign.dev\/index.php?rest_route=\/wp\/v2\/types\/page"}],"author":[{"embeddable":true,"href":"https:\/\/cymbidium.fourdesign.dev\/index.php?rest_route=\/wp\/v2\/users\/1"}],"replies":[{"embeddable":true,"href":"https:\/\/cymbidium.fourdesign.dev\/index.php?rest_route=%2Fwp%2Fv2%2Fcomments&post=215"}],"version-history":[{"count":5,"href":"https:\/\/cymbidium.fourdesign.dev\/index.php?rest_route=\/wp\/v2\/pages\/215\/revisions"}],"predecessor-version":[{"id":1409,"href":"https:\/\/cymbidium.fourdesign.dev\/index.php?rest_route=\/wp\/v2\/pages\/215\/revisions\/1409"}],"wp:attachment":[{"href":"https:\/\/cymbidium.fourdesign.dev\/index.php?rest_route=%2Fwp%2Fv2%2Fmedia&parent=215"}],"curies":[{"name":"wp","href":"https:\/\/api.w.org\/{rel}","templated":true}]}}