{"id":118,"date":"2019-08-13T10:21:16","date_gmt":"2019-08-13T10:21:16","guid":{"rendered":"http:\/\/cymbidium.local\/?page_id=118"},"modified":"2019-09-13T07:49:33","modified_gmt":"2019-09-13T07:49:33","slug":"datenschutzerklarung","status":"publish","type":"page","link":"https:\/\/cymbidium.fourdesign.dev\/?page_id=118&lang=de","title":{"rendered":"Datenschutzerkl\u00e4rung"},"content":{"rendered":"\n<div class=\"wp-block-atomic-blocks-ab-container ab-block-container\"><div class=\"ab-container-inside\"><div class=\"ab-container-content\" style=\"max-width:900px\">\n<p>Der Betreiber dieser Webseite ist die Stiftung Promotie Snijorchidee, niedergelassen in den Niederlanden,Kleipettenlaan 134, 2231 BN\u00a0 RIJNSBURG (im Folgenden: Promotie Snijorchidee). Durch die Nutzung dieser Webseite erkl\u00e4ren Sie ohne Einschr\u00e4nkungen Ihr Einverst\u00e4ndnis mit dieser Datenschutzerkl\u00e4rung.<\/p>\n\n\n\n<p>Promotie Snijorchidee respektiert die Privatsph\u00e4re der Besucher dieser Webseite. Auf der Webseite sammelt Promotie Snijorchidee keine Informationen von Ihnen, die eine personenbezogene Identifizierung erm\u00f6glichen. Es sei denn, dass Sie diese Informationen freiwillig und mit Ihrer ausdr\u00fccklichen Zustimmung \u00fcbermitteln, beispielsweise im Rahmen von Verkaufsf\u00f6rderungsaktionen. Ihre pers\u00f6nlichen Daten werden zu jeder Zeit unter Einhaltung der gesetzlichen Datenschutzbestimmungen verarbeitet.<\/p>\n\n\n\n<p>Wenn Sie es w\u00fcnschen, bietet Promotie Snijorchidee Ihnen Zugang zu allen Informationen, die \u00fcber Sie gespeichert sind. Wenn Sie Zugang zu diesen Informationen w\u00fcnschen und\/oder m\u00f6chten, dass wir diese Informationen l\u00f6schen, k\u00f6nnen Sie Kontakt mit uns aufnehmen.<\/p>\n\n\n\n<p>Promotie Snijorchidee verwendet Cookies, um den Besuch der Webseite zu messen. Diese so gewonnenen Informationen werden durch Promotie Snijorchidee ausschlie\u00dflich verwendet, um den Inhalt der Webseite zu verbessern. Die Information wird nur intern genutzt und nicht an andere Organisationen f\u00fcr kommerzielle Zwecke weitergegeben. Wenn Sie den Einsatz von Cookies unterbinden m\u00f6chten, k\u00f6nnen Sie diese Funktion unter Internetoptionen in Ihrem Internetbrowser ausschalten. Um die Datenschutzrechte der Besucher der Webseite zu sch\u00fctzen, werden alle Informationen, die auf diese Art und Weise gesammelt werden, nur allgemeiner Natur und anonymisiert sein. Es ist nicht m\u00f6glich, anhand dieser Informationen einen Besucher zu identifizieren.<\/p>\n\n\n\n<p>Promotie Snijorchidee beh\u00e4lt sich das Recht vor diese Datenschutzerkl\u00e4rung jederzeit, ohne vorhergehende n\u00e4here Ank\u00fcndigung zu \u00e4ndern. Wenn Sie nach einer solchen \u00c4nderung das Angebot dieser Webseite nutzen\/weiterhin nutzen, gilt automatisch die ge\u00e4nderte Datenschutzerkl\u00e4rung. Wir empfehlen daher, diesen Text relativ regelm\u00e4\u00dfig zu pr\u00fcfen, wenn sie diese Webseite nutzen. Selbstverst\u00e4ndlich wird Promotie Snijorchidee n\u00f6tigenfalls die Datenschutzerkl\u00e4rung an die Gesetzgebung und Rechtsprechung anpassen.<\/p>\n\n\n\n<p>Promotie Snijorchidee hat technische und organisatorische Schutzma\u00dfnahmen ergriffen, um die pers\u00f6nlichen Daten der Nutzer dieser Webseite, \u00fcber die Promotie Snijorchidee verf\u00fcgt, gegen unabsichtliche oder mutwillige Manipulationen, Verlust, Vernichtung oder Einsichtnahme durch Unbefugte zu sch\u00fctzen.<\/p>\n\n\n\n<p>Promotie Snijorchidee gibt von Ihnen zugesendete, pers\u00f6nliche Daten nicht an Dritte nicht zu anderen Zwecken als jenen weiter, zu dem Sie uns diese Daten zur Verf\u00fcgung gestellt haben. Auf unserer Webseite k\u00f6nnen sich Links zu anderen Webseiten befinden, die v\u00f6llig unabh\u00e4ngig von Promotie Snijorchidee operieren und auf die Promotie Snijorchidee keinen Einfluss hat. Es ist m\u00f6glich, dass andere Webseiten unter anderen Datenschutzbedingungen arbeiten.<\/p>\n<\/div><\/div><\/div>\n","protected":false},"excerpt":{"rendered":"","protected":false},"author":1,"featured_media":0,"parent":0,"menu_order":15,"comment_status":"closed","ping_status":"closed","template":"","meta":{"footnotes":""},"class_list":["post-118","page","type-page","status-publish","hentry"],"yoast_head":"<!-- This site is optimized with the Yoast SEO plugin v26.7 - https:\/\/yoast.com\/wordpress\/plugins\/seo\/ -->\n<title>Datenschutzerkl\u00e4rung - Cymbidium Info<\/title>\n<meta name=\"robots\" content=\"index, follow, max-snippet:-1, max-image-preview:large, max-video-preview:-1\" \/>\n<link rel=\"canonical\" href=\"https:\/\/cymbidium.fourdesign.dev\/?page_id=118&lang=de\" \/>\n<meta property=\"og:locale\" content=\"nl_NL\" \/>\n<meta property=\"og:type\" content=\"article\" \/>\n<meta property=\"og:title\" content=\"Datenschutzerkl\u00e4rung - Cymbidium Info\" \/>\n<meta property=\"og:url\" content=\"https:\/\/cymbidium.fourdesign.dev\/?page_id=118&amp;lang=de\" \/>\n<meta property=\"og:site_name\" content=\"Cymbidium Info\" \/>\n<meta property=\"article:modified_time\" content=\"2019-09-13T07:49:33+00:00\" \/>\n<meta name=\"twitter:card\" content=\"summary_large_image\" \/>\n<meta name=\"twitter:label1\" content=\"Geschatte leestijd\" \/>\n\t<meta name=\"twitter:data1\" content=\"2 minuten\" \/>\n<script type=\"application\/ld+json\" class=\"yoast-schema-graph\">{\"@context\":\"https:\/\/schema.org\",\"@graph\":[{\"@type\":\"WebPage\",\"@id\":\"https:\/\/cymbidium.fourdesign.dev\/?page_id=118&lang=de\",\"url\":\"https:\/\/cymbidium.fourdesign.dev\/?page_id=118&lang=de\",\"name\":\"Datenschutzerkl\u00e4rung - Cymbidium Info\",\"isPartOf\":{\"@id\":\"https:\/\/cymbidium.fourdesign.dev\/#website\"},\"datePublished\":\"2019-08-13T10:21:16+00:00\",\"dateModified\":\"2019-09-13T07:49:33+00:00\",\"breadcrumb\":{\"@id\":\"https:\/\/cymbidium.fourdesign.dev\/?page_id=118&lang=de#breadcrumb\"},\"inLanguage\":\"nl-NL\",\"potentialAction\":[{\"@type\":\"ReadAction\",\"target\":[\"https:\/\/cymbidium.fourdesign.dev\/?page_id=118&lang=de\"]}]},{\"@type\":\"BreadcrumbList\",\"@id\":\"https:\/\/cymbidium.fourdesign.dev\/?page_id=118&lang=de#breadcrumb\",\"itemListElement\":[{\"@type\":\"ListItem\",\"position\":1,\"name\":\"Home\",\"item\":\"https:\/\/cymbidium.fourdesign.dev\/\"},{\"@type\":\"ListItem\",\"position\":2,\"name\":\"Datenschutzerkl\u00e4rung\"}]},{\"@type\":\"WebSite\",\"@id\":\"https:\/\/cymbidium.fourdesign.dev\/#website\",\"url\":\"https:\/\/cymbidium.fourdesign.dev\/\",\"name\":\"Cymbidium Info\",\"description\":\"En nog een WordPress site\",\"potentialAction\":[{\"@type\":\"SearchAction\",\"target\":{\"@type\":\"EntryPoint\",\"urlTemplate\":\"https:\/\/cymbidium.fourdesign.dev\/?s={search_term_string}\"},\"query-input\":{\"@type\":\"PropertyValueSpecification\",\"valueRequired\":true,\"valueName\":\"search_term_string\"}}],\"inLanguage\":\"nl-NL\"}]}<\/script>\n<!-- \/ Yoast SEO plugin. -->","yoast_head_json":{"title":"Datenschutzerkl\u00e4rung - Cymbidium Info","robots":{"index":"index","follow":"follow","max-snippet":"max-snippet:-1","max-image-preview":"max-image-preview:large","max-video-preview":"max-video-preview:-1"},"canonical":"https:\/\/cymbidium.fourdesign.dev\/?page_id=118&lang=de","og_locale":"nl_NL","og_type":"article","og_title":"Datenschutzerkl\u00e4rung - Cymbidium Info","og_url":"https:\/\/cymbidium.fourdesign.dev\/?page_id=118&lang=de","og_site_name":"Cymbidium Info","article_modified_time":"2019-09-13T07:49:33+00:00","twitter_card":"summary_large_image","twitter_misc":{"Geschatte leestijd":"2 minuten"},"schema":{"@context":"https:\/\/schema.org","@graph":[{"@type":"WebPage","@id":"https:\/\/cymbidium.fourdesign.dev\/?page_id=118&lang=de","url":"https:\/\/cymbidium.fourdesign.dev\/?page_id=118&lang=de","name":"Datenschutzerkl\u00e4rung - Cymbidium Info","isPartOf":{"@id":"https:\/\/cymbidium.fourdesign.dev\/#website"},"datePublished":"2019-08-13T10:21:16+00:00","dateModified":"2019-09-13T07:49:33+00:00","breadcrumb":{"@id":"https:\/\/cymbidium.fourdesign.dev\/?page_id=118&lang=de#breadcrumb"},"inLanguage":"nl-NL","potentialAction":[{"@type":"ReadAction","target":["https:\/\/cymbidium.fourdesign.dev\/?page_id=118&lang=de"]}]},{"@type":"BreadcrumbList","@id":"https:\/\/cymbidium.fourdesign.dev\/?page_id=118&lang=de#breadcrumb","itemListElement":[{"@type":"ListItem","position":1,"name":"Home","item":"https:\/\/cymbidium.fourdesign.dev\/"},{"@type":"ListItem","position":2,"name":"Datenschutzerkl\u00e4rung"}]},{"@type":"WebSite","@id":"https:\/\/cymbidium.fourdesign.dev\/#website","url":"https:\/\/cymbidium.fourdesign.dev\/","name":"Cymbidium Info","description":"En nog een WordPress site","potentialAction":[{"@type":"SearchAction","target":{"@type":"EntryPoint","urlTemplate":"https:\/\/cymbidium.fourdesign.dev\/?s={search_term_string}"},"query-input":{"@type":"PropertyValueSpecification","valueRequired":true,"valueName":"search_term_string"}}],"inLanguage":"nl-NL"}]}},"featured_image_src":null,"featured_image_src_square":null,"_links":{"self":[{"href":"https:\/\/cymbidium.fourdesign.dev\/index.php?rest_route=\/wp\/v2\/pages\/118","targetHints":{"allow":["GET"]}}],"collection":[{"href":"https:\/\/cymbidium.fourdesign.dev\/index.php?rest_route=\/wp\/v2\/pages"}],"about":[{"href":"https:\/\/cymbidium.fourdesign.dev\/index.php?rest_route=\/wp\/v2\/types\/page"}],"author":[{"embeddable":true,"href":"https:\/\/cymbidium.fourdesign.dev\/index.php?rest_route=\/wp\/v2\/users\/1"}],"replies":[{"embeddable":true,"href":"https:\/\/cymbidium.fourdesign.dev\/index.php?rest_route=%2Fwp%2Fv2%2Fcomments&post=118"}],"version-history":[{"count":2,"href":"https:\/\/cymbidium.fourdesign.dev\/index.php?rest_route=\/wp\/v2\/pages\/118\/revisions"}],"predecessor-version":[{"id":495,"href":"https:\/\/cymbidium.fourdesign.dev\/index.php?rest_route=\/wp\/v2\/pages\/118\/revisions\/495"}],"wp:attachment":[{"href":"https:\/\/cymbidium.fourdesign.dev\/index.php?rest_route=%2Fwp%2Fv2%2Fmedia&parent=118"}],"curies":[{"name":"wp","href":"https:\/\/api.w.org\/{rel}","templated":true}]}}