{"id":1156,"date":"2024-10-22T09:51:23","date_gmt":"2024-10-22T09:51:23","guid":{"rendered":"https:\/\/cymbidium.fourdesign.dev\/?page_id=1156"},"modified":"2025-01-31T14:25:22","modified_gmt":"2025-01-31T14:25:22","slug":"design-files-4","status":"publish","type":"page","link":"https:\/\/cymbidium.fourdesign.dev\/?page_id=1156&lang=de","title":{"rendered":"Design files"},"content":{"rendered":"\r\n<div class=\"wp-block-cover is-light is-style-header\" style=\"padding-top:200px;\"><img decoding=\"async\" class=\"wp-block-cover__image-background wp-image-422\" style=\"object-position: 65% 0%;\" src=\"https:\/\/cymbidium.fourdesign.dev\/wp-content\/uploads\/2024\/10\/28746.png\" alt=\"\" data-object-fit=\"cover\" data-object-position=\"65% 0%\" \/>\r\n<div class=\"wp-block-cover__inner-container is-layout-flow wp-block-cover-is-layout-flow\">\r\n<svg xmlns=\"http:\/\/www.w3.org\/2000\/svg\" xmlns:xlink=\"http:\/\/www.w3.org\/1999\/xlink\" width=\"76.559\" height=\"75.544\" viewBox=\"0 0 76.559 75.544\" style=\"margin-bottom:43px;\">\r\n  <defs>\r\n    <clipPath id=\"clip-path\">\r\n      <rect id=\"Rectangle_481\" data-name=\"Rectangle 481\" width=\"76.559\" height=\"75.544\" fill=\"#fff\"\/>\r\n    <\/clipPath>\r\n  <\/defs>\r\n  <g id=\"Group_249\" data-name=\"Group 249\" clip-path=\"url(#clip-path)\">\r\n    <path id=\"Path_225\" data-name=\"Path 225\" d=\"M70.729,10.959H39.1L32.136,2.2A5.8,5.8,0,0,0,27.571,0H5.83A5.837,5.837,0,0,0,0,5.831V69.713a5.837,5.837,0,0,0,5.83,5.831h64.9a5.837,5.837,0,0,0,5.831-5.831V16.789a5.837,5.837,0,0,0-5.831-5.831M5.83,3.383H27.571a2.435,2.435,0,0,1,1.916.925L36.956,13.7a1.691,1.691,0,0,0,1.324.639H70.729a2.451,2.451,0,0,1,2.448,2.448v6.05H69.92v-3.5a1.691,1.691,0,0,0-1.691-1.691H8.33a1.691,1.691,0,0,0-1.691,1.691V33.8H3.383V5.831A2.451,2.451,0,0,1,5.83,3.383M66.537,22.839H50.047A5.777,5.777,0,0,0,45.5,25.033L38.533,33.8H10.022V21.027H66.537Zm4.191,49.322H5.83a2.45,2.45,0,0,1-2.448-2.448V37.18H39.35a1.692,1.692,0,0,0,1.324-.639l7.474-9.4a2.413,2.413,0,0,1,1.9-.916H73.177V69.713a2.451,2.451,0,0,1-2.448,2.448\" transform=\"translate(0 0)\" fill=\"#fff\"\/>\r\n  <\/g>\r\n<\/svg>\r\n\r\n<h2 class=\"wp-block-heading has-text-align-left\">Design files<\/h2>\r\n\r\n\r\n\r\n<h4 class=\"wp-block-heading has-text-align-left\">Praktische Inspiration<\/h4>\r\n\r\n\r\n\r\n<\/div>\r\n<\/div>\r\n\r\n\r\n\r\n<div class=\"wp-block-atomic-blocks-ab-container ab-block-container\">\r\n<div class=\"ab-container-inside\">\r\n<div class=\"ab-container-content\" style=\"max-width: 900px;\">\r\n<h2 class=\"wp-block-heading has-text-align-center is-style-line-bottom-centered\">Erstellen Sie einzigartige Cymbidium-Str\u00e4u\u00dfe<\/h2>\r\n\r\n\r\n\r\n<p class=\"has-text-align-center\">Die Cymbidium Design-Datei ist ein praktisches Werkzeug, das Floristen mit kreativen Ideen, Tipps und Techniken f\u00fcr die Gestaltung einzigartiger Blumenkreationen inspiriert und unterst\u00fctzt. Dieser Leitfaden bietet Schritt-f\u00fcr-Schritt-Anleitungen f\u00fcr kommerzielle und auff\u00e4llige Kreationen, mit Inspirationsstr\u00e4u\u00dfen, Designvorschl\u00e4gen und Blumenkompositionen. Entdecken Sie, wie Sie Cymbidium-Orchideen kreativ kombinieren und Ihre eigene Note einbringen k\u00f6nnen.<\/p>\r\n\r\n\r\n<\/div>\r\n<\/div>\r\n<\/div>\r\n\r\n\r\n\r\n<div class=\"wp-block-atomic-blocks-ab-container ab-block-container\">\r\n<div class=\"ab-container-inside design-files\" style=\"display: flex; grid-gap: 60px;\">\r\n<div class=\"ab-container-content\" style=\"max-width: 900px;\">\r\n<h4 style=\"text-align: center\">Fr\u00fchling &#8211; Sommer<\/h4>\r\n<img decoding=\"async\" style=\"width: 100%;\" src=\"https:\/\/cymbidium.fourdesign.dev\/wp-content\/uploads\/2025\/01\/Middel-1@3x.png\" \/>\r\n<div class=\"ab-container-content two-buttons\" style=\"max-width: 900px; display: flex; justify-content: center; margin-top: 40px;\">\r\n<div class=\"wp-block-button\" style=\"margin-right: 15px;\"><a class=\"wp-block-button__link wp-element-button\" href=\"https:\/\/cymbidium.fourdesign.dev\/wp-content\/uploads\/2025\/01\/spring-summer.pdf\" download=\"\">Kostenloser Download (pdf)<\/a><\/div>\r\n\r\n\r\n\r\n<div class=\"wp-block-button\" style=\"margin-left: 15px;\"><a class=\"wp-block-button__link wp-element-button\" href=\"https:\/\/app.swivle.com\/?r=eu-west-1#\/s\/01jb1h752r29n3ttwvrx94pvkg\/conceptfactoryeu\" target=\"_blank\" rel=\"noopener\">Meer foto&#8217;s in mediabank<\/a><\/div>\r\n<\/div>\r\n<\/div>\r\n<div class=\"ab-container-content\" style=\"max-width: 900px;\">\r\n<h4 style=\"text-align: center\">Herbst &#8211; Winter<\/h4>\r\n<img decoding=\"async\" style=\"width: 100%;\" src=\"https:\/\/cymbidium.fourdesign.dev\/wp-content\/uploads\/2025\/01\/241119-Cover-Design-Files-x2-1-scaled.jpg\" \/>\r\n<div class=\"ab-container-content two-buttons\" style=\"max-width: 900px; display: flex; justify-content: center; margin-top: 40px;\">\r\n<div class=\"wp-block-button\" style=\"margin-right: 15px;\"><a class=\"wp-block-button__link wp-element-button\" href=\"https:\/\/cymbidium.fourdesign.dev\/wp-content\/uploads\/2025\/01\/autumn-winter.pdf\" download=\"\">Kostenloser Download (pdf)<\/a><\/div>\r\n\r\n\r\n\r\n<div class=\"wp-block-button\" style=\"margin-left: 15px;\"><a class=\"wp-block-button__link wp-element-button\" href=\"https:\/\/app.swivle.com\/?r=eu-west-1#\/s\/01jb1h752r29n3ttwvrx94pvkg\/conceptfactoryeu\" target=\"_blank\" rel=\"noopener\">Meer foto&#8217;s in mediabank<\/a><\/div>\r\n<\/div>\r\n\r\n<\/div>\r\n<\/div>\r\n<\/div>","protected":false},"excerpt":{"rendered":"","protected":false},"author":2,"featured_media":0,"parent":0,"menu_order":0,"comment_status":"closed","ping_status":"closed","template":"","meta":{"footnotes":""},"class_list":["post-1156","page","type-page","status-publish","hentry"],"yoast_head":"<!-- This site is optimized with the Yoast SEO plugin v26.7 - https:\/\/yoast.com\/wordpress\/plugins\/seo\/ -->\n<title>Design files - Cymbidium Info<\/title>\n<meta name=\"robots\" content=\"index, follow, max-snippet:-1, max-image-preview:large, max-video-preview:-1\" \/>\n<link rel=\"canonical\" href=\"https:\/\/cymbidium.fourdesign.dev\/?page_id=1156&lang=de\" \/>\n<meta property=\"og:locale\" content=\"nl_NL\" \/>\n<meta property=\"og:type\" content=\"article\" \/>\n<meta property=\"og:title\" content=\"Design files - Cymbidium Info\" \/>\n<meta property=\"og:url\" content=\"https:\/\/cymbidium.fourdesign.dev\/?page_id=1156&amp;lang=de\" \/>\n<meta property=\"og:site_name\" content=\"Cymbidium Info\" \/>\n<meta property=\"article:modified_time\" content=\"2025-01-31T14:25:22+00:00\" \/>\n<meta property=\"og:image\" content=\"https:\/\/cymbidium.fourdesign.dev\/wp-content\/uploads\/2019\/09\/cymbidium-7498-gespiegeld.jpg\" \/>\n\t<meta property=\"og:image:width\" content=\"2560\" \/>\n\t<meta property=\"og:image:height\" content=\"1707\" \/>\n\t<meta property=\"og:image:type\" content=\"image\/jpeg\" \/>\n<meta name=\"twitter:card\" content=\"summary_large_image\" \/>\n<meta name=\"twitter:label1\" content=\"Geschatte leestijd\" \/>\n\t<meta name=\"twitter:data1\" content=\"1 minuut\" \/>\n<script type=\"application\/ld+json\" class=\"yoast-schema-graph\">{\"@context\":\"https:\/\/schema.org\",\"@graph\":[{\"@type\":\"WebPage\",\"@id\":\"https:\/\/cymbidium.fourdesign.dev\/?page_id=1156&lang=de\",\"url\":\"https:\/\/cymbidium.fourdesign.dev\/?page_id=1156&lang=de\",\"name\":\"Design files - Cymbidium Info\",\"isPartOf\":{\"@id\":\"https:\/\/cymbidium.fourdesign.dev\/#website\"},\"primaryImageOfPage\":{\"@id\":\"https:\/\/cymbidium.fourdesign.dev\/?page_id=1156&lang=de#primaryimage\"},\"image\":{\"@id\":\"https:\/\/cymbidium.fourdesign.dev\/?page_id=1156&lang=de#primaryimage\"},\"thumbnailUrl\":\"https:\/\/cymbidium.fourdesign.dev\/wp-content\/uploads\/2024\/10\/28746.png\",\"datePublished\":\"2024-10-22T09:51:23+00:00\",\"dateModified\":\"2025-01-31T14:25:22+00:00\",\"breadcrumb\":{\"@id\":\"https:\/\/cymbidium.fourdesign.dev\/?page_id=1156&lang=de#breadcrumb\"},\"inLanguage\":\"nl-NL\",\"potentialAction\":[{\"@type\":\"ReadAction\",\"target\":[\"https:\/\/cymbidium.fourdesign.dev\/?page_id=1156&lang=de\"]}]},{\"@type\":\"ImageObject\",\"inLanguage\":\"nl-NL\",\"@id\":\"https:\/\/cymbidium.fourdesign.dev\/?page_id=1156&lang=de#primaryimage\",\"url\":\"https:\/\/cymbidium.fourdesign.dev\/wp-content\/uploads\/2019\/09\/cymbidium-7498-gespiegeld.jpg\",\"contentUrl\":\"https:\/\/cymbidium.fourdesign.dev\/wp-content\/uploads\/2019\/09\/cymbidium-7498-gespiegeld.jpg\",\"width\":2560,\"height\":1707},{\"@type\":\"BreadcrumbList\",\"@id\":\"https:\/\/cymbidium.fourdesign.dev\/?page_id=1156&lang=de#breadcrumb\",\"itemListElement\":[{\"@type\":\"ListItem\",\"position\":1,\"name\":\"Home\",\"item\":\"https:\/\/cymbidium.fourdesign.dev\/\"},{\"@type\":\"ListItem\",\"position\":2,\"name\":\"Design files\"}]},{\"@type\":\"WebSite\",\"@id\":\"https:\/\/cymbidium.fourdesign.dev\/#website\",\"url\":\"https:\/\/cymbidium.fourdesign.dev\/\",\"name\":\"Cymbidium Info\",\"description\":\"En nog een WordPress site\",\"potentialAction\":[{\"@type\":\"SearchAction\",\"target\":{\"@type\":\"EntryPoint\",\"urlTemplate\":\"https:\/\/cymbidium.fourdesign.dev\/?s={search_term_string}\"},\"query-input\":{\"@type\":\"PropertyValueSpecification\",\"valueRequired\":true,\"valueName\":\"search_term_string\"}}],\"inLanguage\":\"nl-NL\"}]}<\/script>\n<!-- \/ Yoast SEO plugin. -->","yoast_head_json":{"title":"Design files - Cymbidium Info","robots":{"index":"index","follow":"follow","max-snippet":"max-snippet:-1","max-image-preview":"max-image-preview:large","max-video-preview":"max-video-preview:-1"},"canonical":"https:\/\/cymbidium.fourdesign.dev\/?page_id=1156&lang=de","og_locale":"nl_NL","og_type":"article","og_title":"Design files - Cymbidium Info","og_url":"https:\/\/cymbidium.fourdesign.dev\/?page_id=1156&lang=de","og_site_name":"Cymbidium Info","article_modified_time":"2025-01-31T14:25:22+00:00","og_image":[{"width":2560,"height":1707,"url":"https:\/\/cymbidium.fourdesign.dev\/wp-content\/uploads\/2019\/09\/cymbidium-7498-gespiegeld.jpg","type":"image\/jpeg"}],"twitter_card":"summary_large_image","twitter_misc":{"Geschatte leestijd":"1 minuut"},"schema":{"@context":"https:\/\/schema.org","@graph":[{"@type":"WebPage","@id":"https:\/\/cymbidium.fourdesign.dev\/?page_id=1156&lang=de","url":"https:\/\/cymbidium.fourdesign.dev\/?page_id=1156&lang=de","name":"Design files - Cymbidium Info","isPartOf":{"@id":"https:\/\/cymbidium.fourdesign.dev\/#website"},"primaryImageOfPage":{"@id":"https:\/\/cymbidium.fourdesign.dev\/?page_id=1156&lang=de#primaryimage"},"image":{"@id":"https:\/\/cymbidium.fourdesign.dev\/?page_id=1156&lang=de#primaryimage"},"thumbnailUrl":"https:\/\/cymbidium.fourdesign.dev\/wp-content\/uploads\/2024\/10\/28746.png","datePublished":"2024-10-22T09:51:23+00:00","dateModified":"2025-01-31T14:25:22+00:00","breadcrumb":{"@id":"https:\/\/cymbidium.fourdesign.dev\/?page_id=1156&lang=de#breadcrumb"},"inLanguage":"nl-NL","potentialAction":[{"@type":"ReadAction","target":["https:\/\/cymbidium.fourdesign.dev\/?page_id=1156&lang=de"]}]},{"@type":"ImageObject","inLanguage":"nl-NL","@id":"https:\/\/cymbidium.fourdesign.dev\/?page_id=1156&lang=de#primaryimage","url":"https:\/\/cymbidium.fourdesign.dev\/wp-content\/uploads\/2019\/09\/cymbidium-7498-gespiegeld.jpg","contentUrl":"https:\/\/cymbidium.fourdesign.dev\/wp-content\/uploads\/2019\/09\/cymbidium-7498-gespiegeld.jpg","width":2560,"height":1707},{"@type":"BreadcrumbList","@id":"https:\/\/cymbidium.fourdesign.dev\/?page_id=1156&lang=de#breadcrumb","itemListElement":[{"@type":"ListItem","position":1,"name":"Home","item":"https:\/\/cymbidium.fourdesign.dev\/"},{"@type":"ListItem","position":2,"name":"Design files"}]},{"@type":"WebSite","@id":"https:\/\/cymbidium.fourdesign.dev\/#website","url":"https:\/\/cymbidium.fourdesign.dev\/","name":"Cymbidium Info","description":"En nog een WordPress site","potentialAction":[{"@type":"SearchAction","target":{"@type":"EntryPoint","urlTemplate":"https:\/\/cymbidium.fourdesign.dev\/?s={search_term_string}"},"query-input":{"@type":"PropertyValueSpecification","valueRequired":true,"valueName":"search_term_string"}}],"inLanguage":"nl-NL"}]}},"featured_image_src":null,"featured_image_src_square":null,"_links":{"self":[{"href":"https:\/\/cymbidium.fourdesign.dev\/index.php?rest_route=\/wp\/v2\/pages\/1156","targetHints":{"allow":["GET"]}}],"collection":[{"href":"https:\/\/cymbidium.fourdesign.dev\/index.php?rest_route=\/wp\/v2\/pages"}],"about":[{"href":"https:\/\/cymbidium.fourdesign.dev\/index.php?rest_route=\/wp\/v2\/types\/page"}],"author":[{"embeddable":true,"href":"https:\/\/cymbidium.fourdesign.dev\/index.php?rest_route=\/wp\/v2\/users\/2"}],"replies":[{"embeddable":true,"href":"https:\/\/cymbidium.fourdesign.dev\/index.php?rest_route=%2Fwp%2Fv2%2Fcomments&post=1156"}],"version-history":[{"count":17,"href":"https:\/\/cymbidium.fourdesign.dev\/index.php?rest_route=\/wp\/v2\/pages\/1156\/revisions"}],"predecessor-version":[{"id":1550,"href":"https:\/\/cymbidium.fourdesign.dev\/index.php?rest_route=\/wp\/v2\/pages\/1156\/revisions\/1550"}],"wp:attachment":[{"href":"https:\/\/cymbidium.fourdesign.dev\/index.php?rest_route=%2Fwp%2Fv2%2Fmedia&parent=1156"}],"curies":[{"name":"wp","href":"https:\/\/api.w.org\/{rel}","templated":true}]}}